{"id":2322,"date":"2024-05-02T11:18:45","date_gmt":"2024-05-02T09:18:45","guid":{"rendered":"https:\/\/cnss.cd\/?page_id=2322"},"modified":"2024-05-30T13:28:43","modified_gmt":"2024-05-30T11:28:43","slug":"mot-du-directeur-general","status":"publish","type":"page","link":"https:\/\/cnss.cd\/?page_id=2322","title":{"rendered":"Mot du Directeur G\u00e9n\u00e9ral"},"content":{"rendered":"\t\t<div data-elementor-type=\"wp-page\" data-elementor-id=\"2322\" class=\"elementor elementor-2322\" data-elementor-post-type=\"page\">\n\t\t\t\t<div class=\"elementor-element elementor-element-05ac8ae e-flex e-con-boxed qodef-elementor-content-no e-con e-parent\" data-id=\"05ac8ae\" data-element_type=\"container\" data-e-type=\"container\" data-settings=\"{&quot;background_background&quot;:&quot;classic&quot;}\">\n\t\t\t\t\t<div class=\"e-con-inner\">\n\t\t<div class=\"elementor-element elementor-element-f1bd18a e-con-full e-flex qodef-elementor-content-no e-con e-child\" data-id=\"f1bd18a\" data-element_type=\"container\" data-e-type=\"container\">\n\t\t\t\t<div class=\"elementor-element elementor-element-57aa622 elementor-widget elementor-widget-image\" data-id=\"57aa622\" data-element_type=\"widget\" data-e-type=\"widget\" data-widget_type=\"image.default\">\n\t\t\t\t<div class=\"elementor-widget-container\">\n\t\t\t\t\t\t\t\t\t\t\t\t\t\t\t<img fetchpriority=\"high\" decoding=\"async\" width=\"732\" height=\"1024\" src=\"https:\/\/cnss.cd\/wp-content\/uploads\/2024\/05\/a17fa583-8b3b-47a6-93c9-c74dff53f7e2-732x1024.jpg\" class=\"attachment-large size-large wp-image-2414\" alt=\"\" srcset=\"https:\/\/cnss.cd\/wp-content\/uploads\/2024\/05\/a17fa583-8b3b-47a6-93c9-c74dff53f7e2-732x1024.jpg 732w, https:\/\/cnss.cd\/wp-content\/uploads\/2024\/05\/a17fa583-8b3b-47a6-93c9-c74dff53f7e2-214x300.jpg 214w, https:\/\/cnss.cd\/wp-content\/uploads\/2024\/05\/a17fa583-8b3b-47a6-93c9-c74dff53f7e2-768x1074.jpg 768w, https:\/\/cnss.cd\/wp-content\/uploads\/2024\/05\/a17fa583-8b3b-47a6-93c9-c74dff53f7e2.jpg 772w\" sizes=\"(max-width: 732px) 100vw, 732px\" \/>\t\t\t\t\t\t\t\t\t\t\t\t\t\t\t<\/div>\n\t\t\t\t<\/div>\n\t\t\t\t<\/div>\n\t\t<div class=\"elementor-element elementor-element-e4d92e5 e-con-full e-flex qodef-elementor-content-no e-con e-child\" data-id=\"e4d92e5\" data-element_type=\"container\" data-e-type=\"container\">\n\t\t\t\t<div class=\"elementor-element elementor-element-227c421 elementor-widget elementor-widget-heading\" data-id=\"227c421\" data-element_type=\"widget\" data-e-type=\"widget\" data-widget_type=\"heading.default\">\n\t\t\t\t<div class=\"elementor-widget-container\">\n\t\t\t\t\t<h2 class=\"elementor-heading-title elementor-size-default\">Mot du Directeur G\u00e9n\u00e9ral<\/h2>\t\t\t\t<\/div>\n\t\t\t\t<\/div>\n\t\t\t\t<div class=\"elementor-element elementor-element-54a07e2 elementor-widget elementor-widget-text-editor\" data-id=\"54a07e2\" data-element_type=\"widget\" data-e-type=\"widget\" data-widget_type=\"text-editor.default\">\n\t\t\t\t<div class=\"elementor-widget-container\">\n\t\t\t\t\t\t\t\t\t<div>\n<p><span lang=\"FR\"><span lang=\"FR\">La s\u00e9curit\u00e9 sociale est l\u2019ensemble des mesures et organisations pour garantir les individus contre certains risques sociaux. Ailleurs et en&nbsp;<\/span><span lang=\"FR\">RDC, elle<\/span><span lang=\"FR\">&nbsp;permet d\u2019assurer la subsistance d\u2019un individu comme de sa famille.<\/span><br><\/span><\/p>\n<p><span lang=\"FR\">A l\u2019heure actuelle, elle constitue, pour la plupart des \u00c9tats du monde, l\u2019un des d\u00e9fis majeurs de la gouvernance. <\/span><\/p>\n<\/div>\n<div>\n<p><span lang=\"FR\">En effet, bien que l\u2019universalisation de plus en plus croissante du droit \u00e0 la protection sociale soit le leitmotiv de toutes les nations modernes, il s\u2019observe, cependant, un v\u00e9ritable d\u00e9calage entre la volont\u00e9 des pouvoirs publics d\u2019\u00e9tendre la couverture sociale aux populations non encore couvertes, et le comportement des assujettis au r\u00e9gime g\u00e9n\u00e9ral de la s\u00e9curit\u00e9 sociale qui, dans la plupart des cas, consid\u00e8rent \u00e0 tort les organismes de pr\u00e9voyance sociale comme des pompes qui aspirent les cotisations sociales, mais qui les expirent avec beaucoup de difficult\u00e9s. <\/span><\/p>\n<\/div>\n<div>\n<p><span lang=\"FR\">La CNSS, Caisse Nationale de S\u00e9curit\u00e9 S<\/span><span lang=\"FR\">ociale,<\/span><span lang=\"FR\"> en tant qu\u2019\u00e9tablissement public \u00e0 caract\u00e8re technique et social charg\u00e9 d\u2019organiser et de g\u00e9rer le r\u00e9gime g\u00e9n\u00e9ral de la s\u00e9curit\u00e9 sociale en RDC, n\u2019est pas \u00e9pargn\u00e9e par cette r\u00e9alit\u00e9. <\/span><\/p>\n<\/div>\n<div>\n<p><span lang=\"FR\">Parmi les d\u00e9fis de la gouvernance auxquelles elle fait face en tant qu\u2019organe de pr\u00e9voyance sociale, il y a lieu de citer le d\u00e9ficit de la culture de s\u00e9curit\u00e9 sociale, et un faible taux d\u2019interaction avec le monde ext\u00e9rieur. <\/span><\/p>\n<\/div>\n<div>\n<p><span lang=\"FR\">C\u2019est face \u00e0 ce portrait au vitriol que le nouveau top management de la CNSS, dot\u00e9 de dext\u00e9rit\u00e9 manag\u00e9riale, a d\u00e9cid\u00e9 de mettre en place le site web&nbsp;<a style=\"background-color: #c8d5dc; letter-spacing: normal;\" href=\"http:\/\/www.cnss.cd\/\">http:\/\/www.cnss.cd<\/a>, en vue, d\u2019une part, de vulgariser la reforme du r\u00e9gime g\u00e9n\u00e9ral de la s\u00e9curit\u00e9 sociale et, d&#8217;autre, de diffuser une v\u00e9ritable culture de la s\u00e9curit\u00e9 sociale en RDC R\u00e9publique D\u00e9mocratique du Congo, au travers les r\u00e9alisations des entit\u00e9s op\u00e9rationnelles diss\u00e9min\u00e9es sur toute l\u2019\u00e9tendue du territoire national. <\/span><\/p>\n<\/div>\n<div>\n<p><span lang=\"FR\">Compte tenu de ce qui pr\u00e9c\u00e8de, nous invitons les lecteurs \u00e0 s\u2019int\u00e9resser, s\u2019impr\u00e9gner et contribuer \u00e0 la r\u00e9ussite des activit\u00e9s de la<\/span> <span lang=\"FR\">Caisse Nationale de S\u00e9curit\u00e9 Sociale, en vue de faire de la RDC un pays mod\u00e8le en Afrique et dans le monde, du point de vue de la prise en charge qualitative des prestataires sociaux. <\/span><\/p>\n<\/div>\n<div>&nbsp;<\/div>\n<div>\n<p align=\"right\">\n<\/p><\/div>\t\t\t\t\t\t\t\t<\/div>\n\t\t\t\t<\/div>\n\t\t\t\t<div class=\"elementor-element elementor-element-cafef8b elementor-widget elementor-widget-heading\" data-id=\"cafef8b\" data-element_type=\"widget\" data-e-type=\"widget\" data-widget_type=\"heading.default\">\n\t\t\t\t<div class=\"elementor-widget-container\">\n\t\t\t\t\t<h5 class=\"elementor-heading-title elementor-size-default\">Charles MUDIAY KAZADI <br>Directeur G\u00e9n\u00e9ral<\/h5>\t\t\t\t<\/div>\n\t\t\t\t<\/div>\n\t\t\t\t<\/div>\n\t\t\t\t\t<\/div>\n\t\t\t\t<\/div>\n\t\t\t\t<\/div>\n\t\t","protected":false},"excerpt":{"rendered":"<p>Mot du Directeur G\u00e9n\u00e9ral La s\u00e9curit\u00e9 sociale est l\u2019ensemble des mesures et organisations pour garantir les individus contre certains risques sociaux. Ailleurs et en&nbsp;RDC, elle&nbsp;permet d\u2019assurer la subsistance d\u2019un individu [&hellip;]<\/p>\n","protected":false},"author":4,"featured_media":0,"parent":0,"menu_order":0,"comment_status":"closed","ping_status":"closed","template":"elementor_header_footer","meta":{"_kadence_starter_templates_imported_post":false,"jetpack_post_was_ever_published":false,"footnotes":""},"class_list":["post-2322","page","type-page","status-publish","hentry"],"yoast_head":"<!-- This site is optimized with the Yoast SEO plugin v27.4 - https:\/\/yoast.com\/product\/yoast-seo-wordpress\/ -->\n<title>Mot du Directeur G\u00e9n\u00e9ral - Caisse Nationale de S\u00e9curit\u00e9 Sociale<\/title>\n<meta name=\"robots\" content=\"index, follow, max-snippet:-1, max-image-preview:large, max-video-preview:-1\" \/>\n<link rel=\"canonical\" href=\"https:\/\/cnss.cd\/?page_id=2322\" \/>\n<meta property=\"og:locale\" content=\"fr_FR\" \/>\n<meta property=\"og:type\" content=\"article\" \/>\n<meta property=\"og:title\" content=\"Mot du Directeur G\u00e9n\u00e9ral - Caisse Nationale de S\u00e9curit\u00e9 Sociale\" \/>\n<meta property=\"og:description\" content=\"Mot du Directeur G\u00e9n\u00e9ral La s\u00e9curit\u00e9 sociale est l\u2019ensemble des mesures et organisations pour garantir les individus contre certains risques sociaux. Ailleurs et en&nbsp;RDC, elle&nbsp;permet d\u2019assurer la subsistance d\u2019un individu [&hellip;]\" \/>\n<meta property=\"og:url\" content=\"https:\/\/cnss.cd\/?page_id=2322\" \/>\n<meta property=\"og:site_name\" content=\"Caisse Nationale de S\u00e9curit\u00e9 Sociale\" \/>\n<meta property=\"article:modified_time\" content=\"2024-05-30T11:28:43+00:00\" \/>\n<meta property=\"og:image\" content=\"https:\/\/cnss.cd\/wp-content\/uploads\/2024\/05\/a17fa583-8b3b-47a6-93c9-c74dff53f7e2-732x1024.jpg\" \/>\n<meta name=\"twitter:card\" content=\"summary_large_image\" \/>\n<meta name=\"twitter:label1\" content=\"Dur\u00e9e de lecture estim\u00e9e\" \/>\n\t<meta name=\"twitter:data1\" content=\"3 minutes\" \/>\n<script type=\"application\/ld+json\" class=\"yoast-schema-graph\">{\"@context\":\"https:\\\/\\\/schema.org\",\"@graph\":[{\"@type\":\"WebPage\",\"@id\":\"https:\\\/\\\/cnss.cd\\\/?page_id=2322\",\"url\":\"https:\\\/\\\/cnss.cd\\\/?page_id=2322\",\"name\":\"Mot du Directeur G\u00e9n\u00e9ral - Caisse Nationale de S\u00e9curit\u00e9 Sociale\",\"isPartOf\":{\"@id\":\"https:\\\/\\\/cnss.cd\\\/#website\"},\"primaryImageOfPage\":{\"@id\":\"https:\\\/\\\/cnss.cd\\\/?page_id=2322#primaryimage\"},\"image\":{\"@id\":\"https:\\\/\\\/cnss.cd\\\/?page_id=2322#primaryimage\"},\"thumbnailUrl\":\"https:\\\/\\\/cnss.cd\\\/wp-content\\\/uploads\\\/2024\\\/05\\\/a17fa583-8b3b-47a6-93c9-c74dff53f7e2-732x1024.jpg\",\"datePublished\":\"2024-05-02T09:18:45+00:00\",\"dateModified\":\"2024-05-30T11:28:43+00:00\",\"breadcrumb\":{\"@id\":\"https:\\\/\\\/cnss.cd\\\/?page_id=2322#breadcrumb\"},\"inLanguage\":\"fr-FR\",\"potentialAction\":[{\"@type\":\"ReadAction\",\"target\":[\"https:\\\/\\\/cnss.cd\\\/?page_id=2322\"]}]},{\"@type\":\"ImageObject\",\"inLanguage\":\"fr-FR\",\"@id\":\"https:\\\/\\\/cnss.cd\\\/?page_id=2322#primaryimage\",\"url\":\"https:\\\/\\\/cnss.cd\\\/wp-content\\\/uploads\\\/2024\\\/05\\\/a17fa583-8b3b-47a6-93c9-c74dff53f7e2.jpg\",\"contentUrl\":\"https:\\\/\\\/cnss.cd\\\/wp-content\\\/uploads\\\/2024\\\/05\\\/a17fa583-8b3b-47a6-93c9-c74dff53f7e2.jpg\",\"width\":772,\"height\":1080},{\"@type\":\"BreadcrumbList\",\"@id\":\"https:\\\/\\\/cnss.cd\\\/?page_id=2322#breadcrumb\",\"itemListElement\":[{\"@type\":\"ListItem\",\"position\":1,\"name\":\"Accueil\",\"item\":\"https:\\\/\\\/cnss.cd\\\/\"},{\"@type\":\"ListItem\",\"position\":2,\"name\":\"Mot du Directeur G\u00e9n\u00e9ral\"}]},{\"@type\":\"WebSite\",\"@id\":\"https:\\\/\\\/cnss.cd\\\/#website\",\"url\":\"https:\\\/\\\/cnss.cd\\\/\",\"name\":\"Caisse Nationale de S\u00e9curit\u00e9 Sociale\",\"description\":\"Une s\u00e9curit\u00e9 pour aujourd&#039;hui et demain\",\"publisher\":{\"@id\":\"https:\\\/\\\/cnss.cd\\\/#organization\"},\"potentialAction\":[{\"@type\":\"SearchAction\",\"target\":{\"@type\":\"EntryPoint\",\"urlTemplate\":\"https:\\\/\\\/cnss.cd\\\/?s={search_term_string}\"},\"query-input\":{\"@type\":\"PropertyValueSpecification\",\"valueRequired\":true,\"valueName\":\"search_term_string\"}}],\"inLanguage\":\"fr-FR\"},{\"@type\":\"Organization\",\"@id\":\"https:\\\/\\\/cnss.cd\\\/#organization\",\"name\":\"Caisse Nationale de S\u00e9curit\u00e9 Sociale\",\"url\":\"https:\\\/\\\/cnss.cd\\\/\",\"logo\":{\"@type\":\"ImageObject\",\"inLanguage\":\"fr-FR\",\"@id\":\"https:\\\/\\\/cnss.cd\\\/#\\\/schema\\\/logo\\\/image\\\/\",\"url\":\"https:\\\/\\\/cnss.cd\\\/wp-content\\\/uploads\\\/2025\\\/01\\\/LOGO-CNSSPDF_preview_rev_1.png\",\"contentUrl\":\"https:\\\/\\\/cnss.cd\\\/wp-content\\\/uploads\\\/2025\\\/01\\\/LOGO-CNSSPDF_preview_rev_1.png\",\"width\":634,\"height\":395,\"caption\":\"Caisse Nationale de S\u00e9curit\u00e9 Sociale\"},\"image\":{\"@id\":\"https:\\\/\\\/cnss.cd\\\/#\\\/schema\\\/logo\\\/image\\\/\"}}]}<\/script>\n<!-- \/ Yoast SEO plugin. -->","yoast_head_json":{"title":"Mot du Directeur G\u00e9n\u00e9ral - Caisse Nationale de S\u00e9curit\u00e9 Sociale","robots":{"index":"index","follow":"follow","max-snippet":"max-snippet:-1","max-image-preview":"max-image-preview:large","max-video-preview":"max-video-preview:-1"},"canonical":"https:\/\/cnss.cd\/?page_id=2322","og_locale":"fr_FR","og_type":"article","og_title":"Mot du Directeur G\u00e9n\u00e9ral - Caisse Nationale de S\u00e9curit\u00e9 Sociale","og_description":"Mot du Directeur G\u00e9n\u00e9ral La s\u00e9curit\u00e9 sociale est l\u2019ensemble des mesures et organisations pour garantir les individus contre certains risques sociaux. Ailleurs et en&nbsp;RDC, elle&nbsp;permet d\u2019assurer la subsistance d\u2019un individu [&hellip;]","og_url":"https:\/\/cnss.cd\/?page_id=2322","og_site_name":"Caisse Nationale de S\u00e9curit\u00e9 Sociale","article_modified_time":"2024-05-30T11:28:43+00:00","og_image":[{"url":"https:\/\/cnss.cd\/wp-content\/uploads\/2024\/05\/a17fa583-8b3b-47a6-93c9-c74dff53f7e2-732x1024.jpg","type":"","width":"","height":""}],"twitter_card":"summary_large_image","twitter_misc":{"Dur\u00e9e de lecture estim\u00e9e":"3 minutes"},"schema":{"@context":"https:\/\/schema.org","@graph":[{"@type":"WebPage","@id":"https:\/\/cnss.cd\/?page_id=2322","url":"https:\/\/cnss.cd\/?page_id=2322","name":"Mot du Directeur G\u00e9n\u00e9ral - Caisse Nationale de S\u00e9curit\u00e9 Sociale","isPartOf":{"@id":"https:\/\/cnss.cd\/#website"},"primaryImageOfPage":{"@id":"https:\/\/cnss.cd\/?page_id=2322#primaryimage"},"image":{"@id":"https:\/\/cnss.cd\/?page_id=2322#primaryimage"},"thumbnailUrl":"https:\/\/cnss.cd\/wp-content\/uploads\/2024\/05\/a17fa583-8b3b-47a6-93c9-c74dff53f7e2-732x1024.jpg","datePublished":"2024-05-02T09:18:45+00:00","dateModified":"2024-05-30T11:28:43+00:00","breadcrumb":{"@id":"https:\/\/cnss.cd\/?page_id=2322#breadcrumb"},"inLanguage":"fr-FR","potentialAction":[{"@type":"ReadAction","target":["https:\/\/cnss.cd\/?page_id=2322"]}]},{"@type":"ImageObject","inLanguage":"fr-FR","@id":"https:\/\/cnss.cd\/?page_id=2322#primaryimage","url":"https:\/\/cnss.cd\/wp-content\/uploads\/2024\/05\/a17fa583-8b3b-47a6-93c9-c74dff53f7e2.jpg","contentUrl":"https:\/\/cnss.cd\/wp-content\/uploads\/2024\/05\/a17fa583-8b3b-47a6-93c9-c74dff53f7e2.jpg","width":772,"height":1080},{"@type":"BreadcrumbList","@id":"https:\/\/cnss.cd\/?page_id=2322#breadcrumb","itemListElement":[{"@type":"ListItem","position":1,"name":"Accueil","item":"https:\/\/cnss.cd\/"},{"@type":"ListItem","position":2,"name":"Mot du Directeur G\u00e9n\u00e9ral"}]},{"@type":"WebSite","@id":"https:\/\/cnss.cd\/#website","url":"https:\/\/cnss.cd\/","name":"Caisse Nationale de S\u00e9curit\u00e9 Sociale","description":"Une s\u00e9curit\u00e9 pour aujourd&#039;hui et demain","publisher":{"@id":"https:\/\/cnss.cd\/#organization"},"potentialAction":[{"@type":"SearchAction","target":{"@type":"EntryPoint","urlTemplate":"https:\/\/cnss.cd\/?s={search_term_string}"},"query-input":{"@type":"PropertyValueSpecification","valueRequired":true,"valueName":"search_term_string"}}],"inLanguage":"fr-FR"},{"@type":"Organization","@id":"https:\/\/cnss.cd\/#organization","name":"Caisse Nationale de S\u00e9curit\u00e9 Sociale","url":"https:\/\/cnss.cd\/","logo":{"@type":"ImageObject","inLanguage":"fr-FR","@id":"https:\/\/cnss.cd\/#\/schema\/logo\/image\/","url":"https:\/\/cnss.cd\/wp-content\/uploads\/2025\/01\/LOGO-CNSSPDF_preview_rev_1.png","contentUrl":"https:\/\/cnss.cd\/wp-content\/uploads\/2025\/01\/LOGO-CNSSPDF_preview_rev_1.png","width":634,"height":395,"caption":"Caisse Nationale de S\u00e9curit\u00e9 Sociale"},"image":{"@id":"https:\/\/cnss.cd\/#\/schema\/logo\/image\/"}}]}},"jetpack_sharing_enabled":true,"_links":{"self":[{"href":"https:\/\/cnss.cd\/index.php?rest_route=\/wp\/v2\/pages\/2322","targetHints":{"allow":["GET"]}}],"collection":[{"href":"https:\/\/cnss.cd\/index.php?rest_route=\/wp\/v2\/pages"}],"about":[{"href":"https:\/\/cnss.cd\/index.php?rest_route=\/wp\/v2\/types\/page"}],"author":[{"embeddable":true,"href":"https:\/\/cnss.cd\/index.php?rest_route=\/wp\/v2\/users\/4"}],"replies":[{"embeddable":true,"href":"https:\/\/cnss.cd\/index.php?rest_route=%2Fwp%2Fv2%2Fcomments&post=2322"}],"version-history":[{"count":92,"href":"https:\/\/cnss.cd\/index.php?rest_route=\/wp\/v2\/pages\/2322\/revisions"}],"predecessor-version":[{"id":2653,"href":"https:\/\/cnss.cd\/index.php?rest_route=\/wp\/v2\/pages\/2322\/revisions\/2653"}],"wp:attachment":[{"href":"https:\/\/cnss.cd\/index.php?rest_route=%2Fwp%2Fv2%2Fmedia&parent=2322"}],"curies":[{"name":"wp","href":"https:\/\/api.w.org\/{rel}","templated":true}]}}