{"id":2198,"date":"2024-04-26T10:06:12","date_gmt":"2024-04-26T08:06:12","guid":{"rendered":"https:\/\/cnss.cd\/?page_id=2198"},"modified":"2024-06-14T11:31:58","modified_gmt":"2024-06-14T10:31:58","slug":"documents-pour-employeur","status":"publish","type":"page","link":"https:\/\/cnss.cd\/?page_id=2198","title":{"rendered":"Formulaires pour l&#8217;employeur"},"content":{"rendered":"\t\t<div data-elementor-type=\"wp-page\" data-elementor-id=\"2198\" class=\"elementor elementor-2198\" data-elementor-post-type=\"page\">\n\t\t\t\t<div class=\"elementor-element elementor-element-98c6244 e-con-full e-flex qodef-elementor-content-no e-con e-parent\" data-id=\"98c6244\" data-element_type=\"container\" data-e-type=\"container\">\n\t\t\t\t<div class=\"elementor-element elementor-element-d55c599 elementor-widget elementor-widget-heading\" data-id=\"d55c599\" data-element_type=\"widget\" data-e-type=\"widget\" data-widget_type=\"heading.default\">\n\t\t\t\t<div class=\"elementor-widget-container\">\n\t\t\t\t\t<h2 class=\"elementor-heading-title elementor-size-default\">Formulaires pour l'employeur<\/h2>\t\t\t\t<\/div>\n\t\t\t\t<\/div>\n\t\t\t\t<\/div>\n\t\t<div class=\"elementor-element elementor-element-3eb1304 e-con-full e-flex qodef-elementor-content-no e-con e-parent\" data-id=\"3eb1304\" data-element_type=\"container\" data-e-type=\"container\">\n\t\t\t\t<div class=\"elementor-element elementor-element-5900904 elementor-widget elementor-widget-text-editor\" data-id=\"5900904\" data-element_type=\"widget\" data-e-type=\"widget\" data-widget_type=\"text-editor.default\">\n\t\t\t\t<div class=\"elementor-widget-container\">\n\t\t\t\t\t\t\t\t\t<p><strong>&nbsp; &nbsp; &nbsp; &nbsp;<u>Assujettissement<\/u><\/strong><\/p>\n<ol>\n<li><a href=\"https:\/\/cnss.cd\/wp-content\/uploads\/2024\/04\/MOD-AE-DEMANDE-DAFFILIATION-DE-LEMPLOYEUR.pdf\" target=\"_blank\" rel=\"noopener\">Mod\u00e8le-AE-demande d&#8217;affiliation de l&#8217;employeur<\/a><\/li>\n<\/ol>\n<div>&nbsp;<\/div>\n<p><strong>&nbsp; &nbsp; &nbsp;&nbsp;<u>D\u00e9claration des cotisations&nbsp;<\/u><\/strong><\/p>\n<ol>\n<li><a href=\"https:\/\/cnss.cd\/wp-content\/uploads\/2024\/04\/DECLARATION-MENSUELLE-UNIQUE-GUICHET-UNIQUE.pdf\" target=\"_blank\" rel=\"noopener\">D\u00e9claration mensuelle unique-guichet unique<\/a><\/li>\n<li><a href=\"https:\/\/cnss.cd\/wp-content\/uploads\/2024\/04\/MOD-DCC-DECLARATION-COMPLEMENTAIRE-DES-COTISATIONS.pdf\" target=\"_blank\" rel=\"noopener\">Mod\u00e8le-DCC-d\u00e9claration compl\u00e9mentaire des cotisations<\/a><\/li>\n<li><a href=\"https:\/\/cnss.cd\/wp-content\/uploads\/2024\/04\/MOD-DC-DECLARATION-DE-VERSEMENT-DES-COTISATIONS.pdf\" target=\"_blank\" rel=\"noopener\">Mod\u00e8le-DC-d\u00e9claration de versement des cotisations<\/a><\/li>\n<\/ol>\n<div>&nbsp;<\/div>\n<div>&nbsp;<\/div>\n<div>&nbsp;<\/div>\t\t\t\t\t\t\t\t<\/div>\n\t\t\t\t<\/div>\n\t\t\t\t<\/div>\n\t\t\t\t<\/div>\n\t\t","protected":false},"excerpt":{"rendered":"<p>Formulaires pour l&#8217;employeur &nbsp; &nbsp; &nbsp; &nbsp;Assujettissement Mod\u00e8le-AE-demande d&#8217;affiliation de l&#8217;employeur &nbsp; &nbsp; &nbsp; &nbsp;&nbsp;D\u00e9claration des cotisations&nbsp; D\u00e9claration mensuelle unique-guichet unique Mod\u00e8le-DCC-d\u00e9claration compl\u00e9mentaire des cotisations Mod\u00e8le-DC-d\u00e9claration de versement des cotisations [&hellip;]<\/p>\n","protected":false},"author":4,"featured_media":0,"parent":0,"menu_order":0,"comment_status":"closed","ping_status":"closed","template":"elementor_header_footer","meta":{"_kadence_starter_templates_imported_post":false,"jetpack_post_was_ever_published":false,"footnotes":""},"class_list":["post-2198","page","type-page","status-publish","hentry"],"yoast_head":"<!-- This site is optimized with the Yoast SEO plugin v27.4 - https:\/\/yoast.com\/product\/yoast-seo-wordpress\/ -->\n<title>Formulaires pour l&#039;employeur - Caisse Nationale de S\u00e9curit\u00e9 Sociale<\/title>\n<meta name=\"robots\" content=\"index, follow, max-snippet:-1, max-image-preview:large, max-video-preview:-1\" \/>\n<link rel=\"canonical\" href=\"https:\/\/cnss.cd\/?page_id=2198\" \/>\n<meta property=\"og:locale\" content=\"fr_FR\" \/>\n<meta property=\"og:type\" content=\"article\" \/>\n<meta property=\"og:title\" content=\"Formulaires pour l&#039;employeur - Caisse Nationale de S\u00e9curit\u00e9 Sociale\" \/>\n<meta property=\"og:description\" content=\"Formulaires pour l&#8217;employeur &nbsp; &nbsp; &nbsp; &nbsp;Assujettissement Mod\u00e8le-AE-demande d&#8217;affiliation de l&#8217;employeur &nbsp; &nbsp; &nbsp; &nbsp;&nbsp;D\u00e9claration des cotisations&nbsp; D\u00e9claration mensuelle unique-guichet unique Mod\u00e8le-DCC-d\u00e9claration compl\u00e9mentaire des cotisations Mod\u00e8le-DC-d\u00e9claration de versement des cotisations [&hellip;]\" \/>\n<meta property=\"og:url\" content=\"https:\/\/cnss.cd\/?page_id=2198\" \/>\n<meta property=\"og:site_name\" content=\"Caisse Nationale de S\u00e9curit\u00e9 Sociale\" \/>\n<meta property=\"article:modified_time\" content=\"2024-06-14T10:31:58+00:00\" \/>\n<meta name=\"twitter:card\" content=\"summary_large_image\" \/>\n<meta name=\"twitter:label1\" content=\"Dur\u00e9e de lecture estim\u00e9e\" \/>\n\t<meta name=\"twitter:data1\" content=\"1 minute\" \/>\n<script type=\"application\/ld+json\" class=\"yoast-schema-graph\">{\"@context\":\"https:\\\/\\\/schema.org\",\"@graph\":[{\"@type\":\"WebPage\",\"@id\":\"https:\\\/\\\/cnss.cd\\\/?page_id=2198\",\"url\":\"https:\\\/\\\/cnss.cd\\\/?page_id=2198\",\"name\":\"Formulaires pour l'employeur - Caisse Nationale de S\u00e9curit\u00e9 Sociale\",\"isPartOf\":{\"@id\":\"https:\\\/\\\/cnss.cd\\\/#website\"},\"datePublished\":\"2024-04-26T08:06:12+00:00\",\"dateModified\":\"2024-06-14T10:31:58+00:00\",\"breadcrumb\":{\"@id\":\"https:\\\/\\\/cnss.cd\\\/?page_id=2198#breadcrumb\"},\"inLanguage\":\"fr-FR\",\"potentialAction\":[{\"@type\":\"ReadAction\",\"target\":[\"https:\\\/\\\/cnss.cd\\\/?page_id=2198\"]}]},{\"@type\":\"BreadcrumbList\",\"@id\":\"https:\\\/\\\/cnss.cd\\\/?page_id=2198#breadcrumb\",\"itemListElement\":[{\"@type\":\"ListItem\",\"position\":1,\"name\":\"Accueil\",\"item\":\"https:\\\/\\\/cnss.cd\\\/\"},{\"@type\":\"ListItem\",\"position\":2,\"name\":\"Formulaires pour l&#8217;employeur\"}]},{\"@type\":\"WebSite\",\"@id\":\"https:\\\/\\\/cnss.cd\\\/#website\",\"url\":\"https:\\\/\\\/cnss.cd\\\/\",\"name\":\"Caisse Nationale de S\u00e9curit\u00e9 Sociale\",\"description\":\"Une s\u00e9curit\u00e9 pour aujourd&#039;hui et demain\",\"publisher\":{\"@id\":\"https:\\\/\\\/cnss.cd\\\/#organization\"},\"potentialAction\":[{\"@type\":\"SearchAction\",\"target\":{\"@type\":\"EntryPoint\",\"urlTemplate\":\"https:\\\/\\\/cnss.cd\\\/?s={search_term_string}\"},\"query-input\":{\"@type\":\"PropertyValueSpecification\",\"valueRequired\":true,\"valueName\":\"search_term_string\"}}],\"inLanguage\":\"fr-FR\"},{\"@type\":\"Organization\",\"@id\":\"https:\\\/\\\/cnss.cd\\\/#organization\",\"name\":\"Caisse Nationale de S\u00e9curit\u00e9 Sociale\",\"url\":\"https:\\\/\\\/cnss.cd\\\/\",\"logo\":{\"@type\":\"ImageObject\",\"inLanguage\":\"fr-FR\",\"@id\":\"https:\\\/\\\/cnss.cd\\\/#\\\/schema\\\/logo\\\/image\\\/\",\"url\":\"https:\\\/\\\/cnss.cd\\\/wp-content\\\/uploads\\\/2025\\\/01\\\/LOGO-CNSSPDF_preview_rev_1.png\",\"contentUrl\":\"https:\\\/\\\/cnss.cd\\\/wp-content\\\/uploads\\\/2025\\\/01\\\/LOGO-CNSSPDF_preview_rev_1.png\",\"width\":634,\"height\":395,\"caption\":\"Caisse Nationale de S\u00e9curit\u00e9 Sociale\"},\"image\":{\"@id\":\"https:\\\/\\\/cnss.cd\\\/#\\\/schema\\\/logo\\\/image\\\/\"}}]}<\/script>\n<!-- \/ Yoast SEO plugin. -->","yoast_head_json":{"title":"Formulaires pour l'employeur - Caisse Nationale de S\u00e9curit\u00e9 Sociale","robots":{"index":"index","follow":"follow","max-snippet":"max-snippet:-1","max-image-preview":"max-image-preview:large","max-video-preview":"max-video-preview:-1"},"canonical":"https:\/\/cnss.cd\/?page_id=2198","og_locale":"fr_FR","og_type":"article","og_title":"Formulaires pour l'employeur - Caisse Nationale de S\u00e9curit\u00e9 Sociale","og_description":"Formulaires pour l&#8217;employeur &nbsp; &nbsp; &nbsp; &nbsp;Assujettissement Mod\u00e8le-AE-demande d&#8217;affiliation de l&#8217;employeur &nbsp; &nbsp; &nbsp; &nbsp;&nbsp;D\u00e9claration des cotisations&nbsp; D\u00e9claration mensuelle unique-guichet unique Mod\u00e8le-DCC-d\u00e9claration compl\u00e9mentaire des cotisations Mod\u00e8le-DC-d\u00e9claration de versement des cotisations [&hellip;]","og_url":"https:\/\/cnss.cd\/?page_id=2198","og_site_name":"Caisse Nationale de S\u00e9curit\u00e9 Sociale","article_modified_time":"2024-06-14T10:31:58+00:00","twitter_card":"summary_large_image","twitter_misc":{"Dur\u00e9e de lecture estim\u00e9e":"1 minute"},"schema":{"@context":"https:\/\/schema.org","@graph":[{"@type":"WebPage","@id":"https:\/\/cnss.cd\/?page_id=2198","url":"https:\/\/cnss.cd\/?page_id=2198","name":"Formulaires pour l'employeur - Caisse Nationale de S\u00e9curit\u00e9 Sociale","isPartOf":{"@id":"https:\/\/cnss.cd\/#website"},"datePublished":"2024-04-26T08:06:12+00:00","dateModified":"2024-06-14T10:31:58+00:00","breadcrumb":{"@id":"https:\/\/cnss.cd\/?page_id=2198#breadcrumb"},"inLanguage":"fr-FR","potentialAction":[{"@type":"ReadAction","target":["https:\/\/cnss.cd\/?page_id=2198"]}]},{"@type":"BreadcrumbList","@id":"https:\/\/cnss.cd\/?page_id=2198#breadcrumb","itemListElement":[{"@type":"ListItem","position":1,"name":"Accueil","item":"https:\/\/cnss.cd\/"},{"@type":"ListItem","position":2,"name":"Formulaires pour l&#8217;employeur"}]},{"@type":"WebSite","@id":"https:\/\/cnss.cd\/#website","url":"https:\/\/cnss.cd\/","name":"Caisse Nationale de S\u00e9curit\u00e9 Sociale","description":"Une s\u00e9curit\u00e9 pour aujourd&#039;hui et demain","publisher":{"@id":"https:\/\/cnss.cd\/#organization"},"potentialAction":[{"@type":"SearchAction","target":{"@type":"EntryPoint","urlTemplate":"https:\/\/cnss.cd\/?s={search_term_string}"},"query-input":{"@type":"PropertyValueSpecification","valueRequired":true,"valueName":"search_term_string"}}],"inLanguage":"fr-FR"},{"@type":"Organization","@id":"https:\/\/cnss.cd\/#organization","name":"Caisse Nationale de S\u00e9curit\u00e9 Sociale","url":"https:\/\/cnss.cd\/","logo":{"@type":"ImageObject","inLanguage":"fr-FR","@id":"https:\/\/cnss.cd\/#\/schema\/logo\/image\/","url":"https:\/\/cnss.cd\/wp-content\/uploads\/2025\/01\/LOGO-CNSSPDF_preview_rev_1.png","contentUrl":"https:\/\/cnss.cd\/wp-content\/uploads\/2025\/01\/LOGO-CNSSPDF_preview_rev_1.png","width":634,"height":395,"caption":"Caisse Nationale de S\u00e9curit\u00e9 Sociale"},"image":{"@id":"https:\/\/cnss.cd\/#\/schema\/logo\/image\/"}}]}},"jetpack_sharing_enabled":true,"_links":{"self":[{"href":"https:\/\/cnss.cd\/index.php?rest_route=\/wp\/v2\/pages\/2198","targetHints":{"allow":["GET"]}}],"collection":[{"href":"https:\/\/cnss.cd\/index.php?rest_route=\/wp\/v2\/pages"}],"about":[{"href":"https:\/\/cnss.cd\/index.php?rest_route=\/wp\/v2\/types\/page"}],"author":[{"embeddable":true,"href":"https:\/\/cnss.cd\/index.php?rest_route=\/wp\/v2\/users\/4"}],"replies":[{"embeddable":true,"href":"https:\/\/cnss.cd\/index.php?rest_route=%2Fwp%2Fv2%2Fcomments&post=2198"}],"version-history":[{"count":33,"href":"https:\/\/cnss.cd\/index.php?rest_route=\/wp\/v2\/pages\/2198\/revisions"}],"predecessor-version":[{"id":2822,"href":"https:\/\/cnss.cd\/index.php?rest_route=\/wp\/v2\/pages\/2198\/revisions\/2822"}],"wp:attachment":[{"href":"https:\/\/cnss.cd\/index.php?rest_route=%2Fwp%2Fv2%2Fmedia&parent=2198"}],"curies":[{"name":"wp","href":"https:\/\/api.w.org\/{rel}","templated":true}]}}