{"id":1797,"date":"2024-04-15T09:07:34","date_gmt":"2024-04-15T07:07:34","guid":{"rendered":"https:\/\/cnss.cd\/?page_id=1797"},"modified":"2024-06-14T11:36:15","modified_gmt":"2024-06-14T10:36:15","slug":"documents-a-telecharger","status":"publish","type":"page","link":"https:\/\/cnss.cd\/?page_id=1797","title":{"rendered":"Formulaires pour travailleur"},"content":{"rendered":"\t\t<div data-elementor-type=\"wp-page\" data-elementor-id=\"1797\" class=\"elementor elementor-1797\" data-elementor-post-type=\"page\">\n\t\t\t\t<div class=\"elementor-element elementor-element-1f18380 e-con-full e-flex qodef-elementor-content-no e-con e-parent\" data-id=\"1f18380\" data-element_type=\"container\" data-e-type=\"container\">\n\t\t\t\t<div class=\"elementor-element elementor-element-6b4e41e elementor-widget elementor-widget-heading\" data-id=\"6b4e41e\" data-element_type=\"widget\" data-e-type=\"widget\" data-widget_type=\"heading.default\">\n\t\t\t\t<div class=\"elementor-widget-container\">\n\t\t\t\t\t<h2 class=\"elementor-heading-title elementor-size-default\">Formulaires pour le travailleur <\/h2>\t\t\t\t<\/div>\n\t\t\t\t<\/div>\n\t\t\t\t<\/div>\n\t\t<div class=\"elementor-element elementor-element-eb7ccbc e-con-full e-flex qodef-elementor-content-no e-con e-parent\" data-id=\"eb7ccbc\" data-element_type=\"container\" data-e-type=\"container\">\n\t\t\t\t<div class=\"elementor-element elementor-element-5a9cea3 elementor-widget elementor-widget-text-editor\" data-id=\"5a9cea3\" data-element_type=\"widget\" data-e-type=\"widget\" data-widget_type=\"text-editor.default\">\n\t\t\t\t<div class=\"elementor-widget-container\">\n\t\t\t\t\t\t\t\t\t<p><strong>\u00a0 \u00a0<span style=\"text-decoration: underline;\">Assujettissement<\/span><\/strong><\/p><ol><li><a href=\"https:\/\/cnss.cd\/wp-content\/uploads\/2024\/04\/MOD.-AM-AVIS-DE-MOUVEMENT.pdf\" target=\"_blank\" rel=\"noopener\">Mod\u00e8le-AM-avis de mouvement<\/a><\/li><li><a href=\"https:\/\/cnss.cd\/wp-content\/uploads\/2024\/04\/MODELE-AD-AVIS-DE-DECES-DUN-RETRAITE.pdf\" target=\"_blank\" rel=\"noopener\">Mod\u00e8le-AD-avis de d\u00e9c\u00e8s d\u2019un retrait\u00e9<\/a><\/li><li><a href=\"https:\/\/cnss.cd\/wp-content\/uploads\/2024\/04\/MODELE-AD-AVIS-DE-DECES-DU-TRAVAILLEUR.pdf\" target=\"_blank\" rel=\"noopener\">Mod\u00e8le-AD-avis de d\u00e9c\u00e8s du travailleur<\/a><\/li><li><a href=\"https:\/\/cnss.cd\/wp-content\/uploads\/2024\/04\/MOD.-IMTA-IMMATRICULATION-TRAVAILLEUR-ASSIMILE.pdf\" target=\"_blank\" rel=\"noopener\">Mod\u00e8le-IMTA-immatriculation travailleur assimil\u00e9<\/a><\/li><li><a href=\"https:\/\/cnss.cd\/wp-content\/uploads\/2024\/04\/MOD-IMT-DEMANDE-DIMMATRICULATION-DU-TRAVAILLEUR.pdf\" target=\"_blank\" rel=\"noopener\">Mod\u00e8le-IMT-demande d\u2019immatriculation du travailleur<\/a><\/li><\/ol><p><strong>\u00a0 \u00a0<\/strong><span style=\"text-decoration: underline;\"><strong>B\u00e9n\u00e9ficier de la pension d\u2019invalidit\u00e9<\/strong><\/span><\/p><ol><li><a href=\"https:\/\/cnss.cd\/wp-content\/uploads\/2024\/04\/P-I-2-CERTIFICAT-MEDICAL-PENSION-DINVALIDITE.pdf\" target=\"_blank\" rel=\"noopener\">P-I-2 certificat medical pension d\u2019invalidit\u00e9<\/a><\/li><li><a href=\"https:\/\/cnss.cd\/wp-content\/uploads\/2024\/04\/P-I-1-DEMANDE-DE-PENSION-DINVALIDITE.pdf\" target=\"_blank\" rel=\"noopener\">P-I-2 demande de pension d\u2019invalidit\u00e9<\/a><\/li><\/ol><p style=\"font-weight: 400;\">\u00a0 \u00a0<span style=\"text-decoration: underline;\">B\u00e9n\u00e9ficier de la pension de retraite<\/span><\/p><ol><li><a href=\"https:\/\/cnss.cd\/wp-content\/uploads\/2024\/05\/R2-DECLARATION-A-ETABLIR-PAR-LEMPLOYEUR.pdf\" target=\"_blank\" rel=\"noopener\">R2-d\u00e9claration \u00e0 \u00e9tablir par l\u2019employeur<\/a><\/li><li><a href=\"https:\/\/cnss.cd\/wp-content\/uploads\/2024\/05\/PR-DEMANDE-DE-PENSION-DE-RETRAITE.pdf\" target=\"_blank\" rel=\"noopener\">PR-demande de pension de retraite<\/a><\/li><li><a href=\"https:\/\/cnss.cd\/wp-content\/uploads\/2024\/05\/PA2-DEMANDE-DE-PENSION-DE-RETRAITE-ANTICIPEE-USURE-PREMATUREE.pdf\" target=\"_blank\" rel=\"noopener\">PA2-demande de pension de retraite anticip\u00e9e usure pr\u00e9matur\u00e9e<\/a><\/li><li><a href=\"https:\/\/cnss.cd\/wp-content\/uploads\/2024\/05\/PA1-DEMANDE-DE-PENSION-DE-RETRAITE-ANTICIPEE-VOLONTAIRE.pdf\" target=\"_blank\" rel=\"noopener\">PA1-demande de pension de retraite anticip\u00e9e volontaire<\/a><\/li><\/ol><p style=\"font-weight: 400;\">\u00a0 \u00a0\u00a0<span style=\"text-decoration: underline;\">B\u00e9n\u00e9ficier de la pension de survivan<\/span>t<\/p><ol><li><a href=\"https:\/\/cnss.cd\/wp-content\/uploads\/2024\/05\/S.1-DEMANDE-DE-PENSION-OU-DALLOCATION-DE-SURVIVANT.pdf\" target=\"_blank\" rel=\"noopener\">S.1-demande de pension ou d\u2019allocation de survivant<\/a><\/li><\/ol><p style=\"font-weight: 400;\">\u00a0 \u00a0\u00a0<span style=\"text-decoration: underline;\">B\u00e9n\u00e9ficier des PF<\/span><\/p><ol><li><a href=\"https:\/\/cnss.cd\/wp-content\/uploads\/2024\/05\/F1-DECLARATION-DE-GROSSESSE.pdf\" target=\"_blank\" rel=\"noopener\">F1-d\u00e9claration de grossesse<\/a><\/li><li><a href=\"https:\/\/cnss.cd\/wp-content\/uploads\/2024\/05\/F2-CERTIFICAT-MEDICAL-AU-3em-MOIS.pdf\" target=\"_blank\" rel=\"noopener\">F2-certificat m\u00e9dical au 3<sup>e<\/sup> mois<\/a><\/li><li><a href=\"https:\/\/cnss.cd\/wp-content\/uploads\/2024\/05\/F3-CERTIFICAT-MEDICAL-AU-6em-MOIS.pdf\" target=\"_blank\" rel=\"noopener\">F3-certificat m\u00e9dical au 6<sup>e<\/sup> mois<\/a><\/li><li><a href=\"https:\/\/cnss.cd\/wp-content\/uploads\/2024\/05\/F4-CERTIFICAT-MEDICAL-AU-8em-MOIS.pdf\" target=\"_blank\" rel=\"noopener\">F4-certificat m\u00e9dical au 8<sup>e<\/sup> mois<\/a><\/li><li><a href=\"https:\/\/cnss.cd\/wp-content\/uploads\/2024\/05\/F5-CERTIFICAT-MEDICAL.pdf\" target=\"_blank\" rel=\"noopener\">F5-certificat m\u00e9dical<\/a><\/li><li><a href=\"https:\/\/cnss.cd\/wp-content\/uploads\/2024\/05\/F6-DEMANDE-DALLOCATION-DE-MATERNITE.pdf\" target=\"_blank\" rel=\"noopener\">F6-demande d\u2019allocation de maternit\u00e9<\/a><\/li><li><a href=\"https:\/\/cnss.cd\/wp-content\/uploads\/2024\/05\/F7-DEMANDE-DE-LINDEMNITE-JOURNALIERE-DE-MATERNITE.pdf\" target=\"_blank\" rel=\"noopener\">F7-demande de l\u2019indemnit\u00e9 journali\u00e8re de maternit\u00e9<\/a><\/li><li><a href=\"https:\/\/cnss.cd\/wp-content\/uploads\/2024\/05\/F8-DECLARATION-DE-LA-COMPOSITION-FAMILIALE-DU-TRAVAILLEUR.pdf\" target=\"_blank\" rel=\"noopener\">F8-d\u00e9claration de la composition familiale du travailleur<\/a><\/li><\/ol><p style=\"font-weight: 400;\">\u00a0 \u00a0 <span style=\"text-decoration: underline;\">B\u00e9n\u00e9ficier des prestations li\u00e9es aux RP<\/span><\/p><ol><li><a href=\"https:\/\/cnss.cd\/wp-content\/uploads\/2024\/05\/Modele-A.1-DECLARATION-ACCIDENT-DE-TRAVAIL.pdf\" target=\"_blank\" rel=\"noopener\">Mod\u00e8le-A.1-d\u00e9claration accident de travail<\/a><\/li><li><a href=\"https:\/\/cnss.cd\/wp-content\/uploads\/2024\/05\/Modele-A.2-CERTIFICAT-DE-PREMIERE-CONSTATATION.pdf\" target=\"_blank\" rel=\"noopener\">Mod\u00e8le-A.2-certificat de premi\u00e8re constatation<\/a><\/li><li><a href=\"https:\/\/cnss.cd\/wp-content\/uploads\/2024\/05\/Modele-A.3-CERTIFICAT-DE-PROLONGATION-DINCAPACITE.pdf\" target=\"_blank\" rel=\"noopener\">Mod\u00e8le-A.3-certificat de prolongation d\u2019incapacit\u00e9<\/a><\/li><li><a href=\"https:\/\/cnss.cd\/wp-content\/uploads\/2024\/05\/Modele-A.4-CERTIFICAT-DE-DERNIERE-CONSTATATION.pdf\" target=\"_blank\" rel=\"noopener\">Mod\u00e8le-A.4-certificat de derni\u00e8re constatation<\/a><\/li><li><a href=\"https:\/\/cnss.cd\/wp-content\/uploads\/2024\/05\/M1-DECLARATION-DE-MALADIE-PROFESSIONNELLE.pdf\" target=\"_blank\" rel=\"noopener\">M1-d\u00e9claration de maladie professionnelle<\/a><\/li><li><a href=\"https:\/\/cnss.cd\/wp-content\/uploads\/2024\/05\/M2-CERTIFICAT-DE-PREMIERE-CONSTATATION.pdf\" target=\"_blank\" rel=\"noopener\">M2-certificat de premi\u00e8re constatation<\/a><\/li><li><a href=\"https:\/\/cnss.cd\/wp-content\/uploads\/2024\/05\/M3-CERTIFICAT-DE-PREMIERE-CONSTATATION.pdf\" target=\"_blank\" rel=\"noopener\">M3-certificat de premi\u00e8re constatation<\/a><\/li><li><a href=\"https:\/\/cnss.cd\/wp-content\/uploads\/2024\/05\/M4-CERTIFICAT-DE-DERNIERE-CONSTATATION.pdf\" target=\"_blank\" rel=\"noopener\">M4-certificat de derni\u00e8re constatation<\/a><\/li><\/ol><p style=\"font-weight: 400;\">\u00a0<\/p>\t\t\t\t\t\t\t\t<\/div>\n\t\t\t\t<\/div>\n\t\t\t\t<\/div>\n\t\t\t\t<\/div>\n\t\t","protected":false},"excerpt":{"rendered":"<p>Formulaires pour le travailleur \u00a0 \u00a0Assujettissement Mod\u00e8le-AM-avis de mouvement Mod\u00e8le-AD-avis de d\u00e9c\u00e8s d\u2019un retrait\u00e9 Mod\u00e8le-AD-avis de d\u00e9c\u00e8s du travailleur Mod\u00e8le-IMTA-immatriculation travailleur assimil\u00e9 Mod\u00e8le-IMT-demande d\u2019immatriculation du travailleur \u00a0 \u00a0B\u00e9n\u00e9ficier de la [&hellip;]<\/p>\n","protected":false},"author":4,"featured_media":0,"parent":0,"menu_order":0,"comment_status":"closed","ping_status":"closed","template":"elementor_header_footer","meta":{"_kadence_starter_templates_imported_post":false,"jetpack_post_was_ever_published":false,"footnotes":""},"class_list":["post-1797","page","type-page","status-publish","hentry"],"yoast_head":"<!-- This site is optimized with the Yoast SEO plugin v27.5 - https:\/\/yoast.com\/product\/yoast-seo-wordpress\/ -->\n<title>Formulaires pour travailleur - Caisse Nationale de S\u00e9curit\u00e9 Sociale<\/title>\n<meta name=\"robots\" content=\"index, follow, max-snippet:-1, max-image-preview:large, max-video-preview:-1\" \/>\n<link rel=\"canonical\" href=\"https:\/\/cnss.cd\/?page_id=1797\" \/>\n<meta property=\"og:locale\" content=\"fr_FR\" \/>\n<meta property=\"og:type\" content=\"article\" \/>\n<meta property=\"og:title\" content=\"Formulaires pour travailleur - Caisse Nationale de S\u00e9curit\u00e9 Sociale\" \/>\n<meta property=\"og:description\" content=\"Formulaires pour le travailleur \u00a0 \u00a0Assujettissement Mod\u00e8le-AM-avis de mouvement Mod\u00e8le-AD-avis de d\u00e9c\u00e8s d\u2019un retrait\u00e9 Mod\u00e8le-AD-avis de d\u00e9c\u00e8s du travailleur Mod\u00e8le-IMTA-immatriculation travailleur assimil\u00e9 Mod\u00e8le-IMT-demande d\u2019immatriculation du travailleur \u00a0 \u00a0B\u00e9n\u00e9ficier de la [&hellip;]\" \/>\n<meta property=\"og:url\" content=\"https:\/\/cnss.cd\/?page_id=1797\" \/>\n<meta property=\"og:site_name\" content=\"Caisse Nationale de S\u00e9curit\u00e9 Sociale\" \/>\n<meta property=\"article:modified_time\" content=\"2024-06-14T10:36:15+00:00\" \/>\n<meta name=\"twitter:card\" content=\"summary_large_image\" \/>\n<meta name=\"twitter:label1\" content=\"Dur\u00e9e de lecture estim\u00e9e\" \/>\n\t<meta name=\"twitter:data1\" content=\"1 minute\" \/>\n<script type=\"application\/ld+json\" class=\"yoast-schema-graph\">{\"@context\":\"https:\\\/\\\/schema.org\",\"@graph\":[{\"@type\":\"WebPage\",\"@id\":\"https:\\\/\\\/cnss.cd\\\/?page_id=1797\",\"url\":\"https:\\\/\\\/cnss.cd\\\/?page_id=1797\",\"name\":\"Formulaires pour travailleur - Caisse Nationale de S\u00e9curit\u00e9 Sociale\",\"isPartOf\":{\"@id\":\"https:\\\/\\\/cnss.cd\\\/#website\"},\"datePublished\":\"2024-04-15T07:07:34+00:00\",\"dateModified\":\"2024-06-14T10:36:15+00:00\",\"breadcrumb\":{\"@id\":\"https:\\\/\\\/cnss.cd\\\/?page_id=1797#breadcrumb\"},\"inLanguage\":\"fr-FR\",\"potentialAction\":[{\"@type\":\"ReadAction\",\"target\":[\"https:\\\/\\\/cnss.cd\\\/?page_id=1797\"]}]},{\"@type\":\"BreadcrumbList\",\"@id\":\"https:\\\/\\\/cnss.cd\\\/?page_id=1797#breadcrumb\",\"itemListElement\":[{\"@type\":\"ListItem\",\"position\":1,\"name\":\"Accueil\",\"item\":\"https:\\\/\\\/cnss.cd\\\/\"},{\"@type\":\"ListItem\",\"position\":2,\"name\":\"Formulaires pour travailleur\"}]},{\"@type\":\"WebSite\",\"@id\":\"https:\\\/\\\/cnss.cd\\\/#website\",\"url\":\"https:\\\/\\\/cnss.cd\\\/\",\"name\":\"Caisse Nationale de S\u00e9curit\u00e9 Sociale\",\"description\":\"Une s\u00e9curit\u00e9 pour aujourd&#039;hui et demain\",\"publisher\":{\"@id\":\"https:\\\/\\\/cnss.cd\\\/#organization\"},\"potentialAction\":[{\"@type\":\"SearchAction\",\"target\":{\"@type\":\"EntryPoint\",\"urlTemplate\":\"https:\\\/\\\/cnss.cd\\\/?s={search_term_string}\"},\"query-input\":{\"@type\":\"PropertyValueSpecification\",\"valueRequired\":true,\"valueName\":\"search_term_string\"}}],\"inLanguage\":\"fr-FR\"},{\"@type\":\"Organization\",\"@id\":\"https:\\\/\\\/cnss.cd\\\/#organization\",\"name\":\"Caisse Nationale de S\u00e9curit\u00e9 Sociale\",\"url\":\"https:\\\/\\\/cnss.cd\\\/\",\"logo\":{\"@type\":\"ImageObject\",\"inLanguage\":\"fr-FR\",\"@id\":\"https:\\\/\\\/cnss.cd\\\/#\\\/schema\\\/logo\\\/image\\\/\",\"url\":\"https:\\\/\\\/cnss.cd\\\/wp-content\\\/uploads\\\/2025\\\/01\\\/LOGO-CNSSPDF_preview_rev_1.png\",\"contentUrl\":\"https:\\\/\\\/cnss.cd\\\/wp-content\\\/uploads\\\/2025\\\/01\\\/LOGO-CNSSPDF_preview_rev_1.png\",\"width\":634,\"height\":395,\"caption\":\"Caisse Nationale de S\u00e9curit\u00e9 Sociale\"},\"image\":{\"@id\":\"https:\\\/\\\/cnss.cd\\\/#\\\/schema\\\/logo\\\/image\\\/\"}}]}<\/script>\n<!-- \/ Yoast SEO plugin. -->","yoast_head_json":{"title":"Formulaires pour travailleur - Caisse Nationale de S\u00e9curit\u00e9 Sociale","robots":{"index":"index","follow":"follow","max-snippet":"max-snippet:-1","max-image-preview":"max-image-preview:large","max-video-preview":"max-video-preview:-1"},"canonical":"https:\/\/cnss.cd\/?page_id=1797","og_locale":"fr_FR","og_type":"article","og_title":"Formulaires pour travailleur - Caisse Nationale de S\u00e9curit\u00e9 Sociale","og_description":"Formulaires pour le travailleur \u00a0 \u00a0Assujettissement Mod\u00e8le-AM-avis de mouvement Mod\u00e8le-AD-avis de d\u00e9c\u00e8s d\u2019un retrait\u00e9 Mod\u00e8le-AD-avis de d\u00e9c\u00e8s du travailleur Mod\u00e8le-IMTA-immatriculation travailleur assimil\u00e9 Mod\u00e8le-IMT-demande d\u2019immatriculation du travailleur \u00a0 \u00a0B\u00e9n\u00e9ficier de la [&hellip;]","og_url":"https:\/\/cnss.cd\/?page_id=1797","og_site_name":"Caisse Nationale de S\u00e9curit\u00e9 Sociale","article_modified_time":"2024-06-14T10:36:15+00:00","twitter_card":"summary_large_image","twitter_misc":{"Dur\u00e9e de lecture estim\u00e9e":"1 minute"},"schema":{"@context":"https:\/\/schema.org","@graph":[{"@type":"WebPage","@id":"https:\/\/cnss.cd\/?page_id=1797","url":"https:\/\/cnss.cd\/?page_id=1797","name":"Formulaires pour travailleur - Caisse Nationale de S\u00e9curit\u00e9 Sociale","isPartOf":{"@id":"https:\/\/cnss.cd\/#website"},"datePublished":"2024-04-15T07:07:34+00:00","dateModified":"2024-06-14T10:36:15+00:00","breadcrumb":{"@id":"https:\/\/cnss.cd\/?page_id=1797#breadcrumb"},"inLanguage":"fr-FR","potentialAction":[{"@type":"ReadAction","target":["https:\/\/cnss.cd\/?page_id=1797"]}]},{"@type":"BreadcrumbList","@id":"https:\/\/cnss.cd\/?page_id=1797#breadcrumb","itemListElement":[{"@type":"ListItem","position":1,"name":"Accueil","item":"https:\/\/cnss.cd\/"},{"@type":"ListItem","position":2,"name":"Formulaires pour travailleur"}]},{"@type":"WebSite","@id":"https:\/\/cnss.cd\/#website","url":"https:\/\/cnss.cd\/","name":"Caisse Nationale de S\u00e9curit\u00e9 Sociale","description":"Une s\u00e9curit\u00e9 pour aujourd&#039;hui et demain","publisher":{"@id":"https:\/\/cnss.cd\/#organization"},"potentialAction":[{"@type":"SearchAction","target":{"@type":"EntryPoint","urlTemplate":"https:\/\/cnss.cd\/?s={search_term_string}"},"query-input":{"@type":"PropertyValueSpecification","valueRequired":true,"valueName":"search_term_string"}}],"inLanguage":"fr-FR"},{"@type":"Organization","@id":"https:\/\/cnss.cd\/#organization","name":"Caisse Nationale de S\u00e9curit\u00e9 Sociale","url":"https:\/\/cnss.cd\/","logo":{"@type":"ImageObject","inLanguage":"fr-FR","@id":"https:\/\/cnss.cd\/#\/schema\/logo\/image\/","url":"https:\/\/cnss.cd\/wp-content\/uploads\/2025\/01\/LOGO-CNSSPDF_preview_rev_1.png","contentUrl":"https:\/\/cnss.cd\/wp-content\/uploads\/2025\/01\/LOGO-CNSSPDF_preview_rev_1.png","width":634,"height":395,"caption":"Caisse Nationale de S\u00e9curit\u00e9 Sociale"},"image":{"@id":"https:\/\/cnss.cd\/#\/schema\/logo\/image\/"}}]}},"jetpack_sharing_enabled":true,"_links":{"self":[{"href":"https:\/\/cnss.cd\/index.php?rest_route=\/wp\/v2\/pages\/1797","targetHints":{"allow":["GET"]}}],"collection":[{"href":"https:\/\/cnss.cd\/index.php?rest_route=\/wp\/v2\/pages"}],"about":[{"href":"https:\/\/cnss.cd\/index.php?rest_route=\/wp\/v2\/types\/page"}],"author":[{"embeddable":true,"href":"https:\/\/cnss.cd\/index.php?rest_route=\/wp\/v2\/users\/4"}],"replies":[{"embeddable":true,"href":"https:\/\/cnss.cd\/index.php?rest_route=%2Fwp%2Fv2%2Fcomments&post=1797"}],"version-history":[{"count":43,"href":"https:\/\/cnss.cd\/index.php?rest_route=\/wp\/v2\/pages\/1797\/revisions"}],"predecessor-version":[{"id":2826,"href":"https:\/\/cnss.cd\/index.php?rest_route=\/wp\/v2\/pages\/1797\/revisions\/2826"}],"wp:attachment":[{"href":"https:\/\/cnss.cd\/index.php?rest_route=%2Fwp%2Fv2%2Fmedia&parent=1797"}],"curies":[{"name":"wp","href":"https:\/\/api.w.org\/{rel}","templated":true}]}}