{"id":1787,"date":"2024-04-15T08:52:22","date_gmt":"2024-04-15T06:52:22","guid":{"rendered":"https:\/\/cnss.cd\/?page_id=1787"},"modified":"2024-05-24T16:02:12","modified_gmt":"2024-05-24T14:02:12","slug":"presentation","status":"publish","type":"page","link":"https:\/\/cnss.cd\/?page_id=1787","title":{"rendered":"Qui sommes-nous ?"},"content":{"rendered":"\t\t<div data-elementor-type=\"wp-page\" data-elementor-id=\"1787\" class=\"elementor elementor-1787\" data-elementor-post-type=\"page\">\n\t\t\t\t<div class=\"elementor-element elementor-element-d411c69 e-con-full e-flex qodef-elementor-content-no e-con e-parent\" data-id=\"d411c69\" data-element_type=\"container\" data-e-type=\"container\">\n\t\t\t\t<div class=\"elementor-element elementor-element-0d61783 elementor-widget elementor-widget-text-editor\" data-id=\"0d61783\" data-element_type=\"widget\" data-e-type=\"widget\" data-widget_type=\"text-editor.default\">\n\t\t\t\t<div class=\"elementor-widget-container\">\n\t\t\t\t\t\t\t\t\t<h3 style=\"font-weight: 400;\"><strong><u>Pr\u00e9sentation<\/u><\/strong><\/h3><p style=\"font-weight: 400;\">Cr\u00e9\u00e9e pour la premi\u00e8re fois en 1961 sous la d\u00e9nomination de l\u2019<strong>Institut National de S\u00e9curit\u00e9 Sociale<\/strong>\u00a0(INSS), la\u00a0<strong>Caisse Nationale de S\u00e9curit\u00e9 Sociale<\/strong>\u00a0(CNSS), \u00e9tablissement public \u00e0 caract\u00e8re technique et social cr\u00e9\u00e9 par le\u00a0<strong>D\u00e9cret n\u00b0 18\/027\u00a0<\/strong>du<strong>\u00a014 juillet 2018<\/strong>, dot\u00e9 de la personnalit\u00e9 juridique et de l\u2019autonomie de gestion, tire sa forme actuelle de la loi n\u00b0\u00a0<strong>16\/009<\/strong>\u00a0du\u00a0<strong>15 juillet 2016\u00a0<\/strong>entr\u00e9e en vigueur le\u00a0<strong>15 juillet 2018\u00a0<\/strong>et fixant les r\u00e8gles relatives au<strong>\u00a0r\u00e9gime g\u00e9n\u00e9ral de\u00a0la\u00a0s\u00e9curit\u00e9 sociale<\/strong>.<\/p><p style=\"font-weight: 400;\">La\u00a0<strong>CNSS<\/strong>\u00a0est ainsi subrog\u00e9e dans les biens, droits, actions, actifs et passifs que d\u00e9tenait l\u2019INSS. En outre, elle est subrog\u00e9e dans les m\u00eames conditions, dans le b\u00e9n\u00e9fice et la charge de tous contrats, obligations, engagements, conventions quelconques existant dans le chef de l\u2019Institut National de S\u00e9curit\u00e9 Sociale.<\/p><p style=\"font-weight: 400;\">A ce titre, elle g\u00e8re, conform\u00e9ment \u00e0 cette loi, trois branches \u00e0 savoir :<\/p><ul style=\"font-weight: 400;\"><li>La branche des risques professionnels pour les prestations en cas d\u2019accident du travail et de maladie professionnelle\u00a0;<\/li><li>La branche des prestations aux familles qui couvre les allocations familiales, pr\u00e9natales et de maternit\u00e9\u00a0;<\/li><li>La branche des pensions pour les prestations d\u2019invalidit\u00e9, de vieillesse et de survivants.<\/li><\/ul><p style=\"font-weight: 400;\">\u00a0<\/p><p style=\"font-weight: 400;\">\u00a0<\/p><h3><span style=\"text-decoration: underline;\"><strong>Objet social<\/strong><\/span><\/h3><p style=\"font-weight: 400;\">Le r\u00e9gime g\u00e9n\u00e9ral de s\u00e9curit\u00e9 sociale dont la gestion est confi\u00e9e \u00e0 la<strong>\u00a0CNSS<\/strong>\u00a0a pour missions essentielles le recouvrement des cotisations sociales et le paiement des prestations sociales en vue de lutter contre la pr\u00e9carit\u00e9 qui peut toucher ses assur\u00e9s du fait : d\u2019accident du travail ; de maladie professionnelle, de vieillesse, d\u2019invalidit\u00e9 ou de d\u00e9c\u00e8s.<\/p><p style=\"font-weight: 400;\">La Caisse a pour objet l\u2019organisation et la gestion du r\u00e9gime g\u00e9n\u00e9ral de la s\u00e9curit\u00e9 sociale tel que d\u00e9fini et organis\u00e9 par la loi sus \u00e9voqu\u00e9e.<\/p><p style=\"font-weight: 400;\">Le r\u00e9gime g\u00e9n\u00e9ral de la s\u00e9curit\u00e9 sociale couvre les branches suivantes \u00e9num\u00e9r\u00e9es ci-haut. Elle peut instituer ult\u00e9rieurement toutes autres prestations de s\u00e9curit\u00e9 sociale en faveur des assur\u00e9s sociaux.<\/p><p style=\"font-weight: 400;\">Elle peut \u00e9galement effectuer toutes autres op\u00e9rations, \u00e0 titre d\u2019action sanitaire et sociale, se rattachant directement ou indirectement \u00e0 la gestion du r\u00e9gime g\u00e9n\u00e9ral de la s\u00e9curit\u00e9 sociale.<\/p>\t\t\t\t\t\t\t\t<\/div>\n\t\t\t\t<\/div>\n\t\t\t\t<\/div>\n\t\t\t\t<\/div>\n\t\t","protected":false},"excerpt":{"rendered":"<p>Pr\u00e9sentation Cr\u00e9\u00e9e pour la premi\u00e8re fois en 1961 sous la d\u00e9nomination de l\u2019Institut National de S\u00e9curit\u00e9 Sociale\u00a0(INSS), la\u00a0Caisse Nationale de S\u00e9curit\u00e9 Sociale\u00a0(CNSS), \u00e9tablissement public \u00e0 caract\u00e8re technique et social cr\u00e9\u00e9 [&hellip;]<\/p>\n","protected":false},"author":4,"featured_media":0,"parent":0,"menu_order":0,"comment_status":"closed","ping_status":"closed","template":"elementor_header_footer","meta":{"_kadence_starter_templates_imported_post":false,"jetpack_post_was_ever_published":false,"footnotes":""},"class_list":["post-1787","page","type-page","status-publish","hentry"],"yoast_head":"<!-- This site is optimized with the Yoast SEO plugin v27.5 - https:\/\/yoast.com\/product\/yoast-seo-wordpress\/ -->\n<title>Qui sommes-nous ? - Caisse Nationale de S\u00e9curit\u00e9 Sociale<\/title>\n<meta name=\"robots\" content=\"index, follow, max-snippet:-1, max-image-preview:large, max-video-preview:-1\" \/>\n<link rel=\"canonical\" href=\"https:\/\/cnss.cd\/?page_id=1787\" \/>\n<meta property=\"og:locale\" content=\"fr_FR\" \/>\n<meta property=\"og:type\" content=\"article\" \/>\n<meta property=\"og:title\" content=\"Qui sommes-nous ? - Caisse Nationale de S\u00e9curit\u00e9 Sociale\" \/>\n<meta property=\"og:description\" content=\"Pr\u00e9sentation Cr\u00e9\u00e9e pour la premi\u00e8re fois en 1961 sous la d\u00e9nomination de l\u2019Institut National de S\u00e9curit\u00e9 Sociale\u00a0(INSS), la\u00a0Caisse Nationale de S\u00e9curit\u00e9 Sociale\u00a0(CNSS), \u00e9tablissement public \u00e0 caract\u00e8re technique et social cr\u00e9\u00e9 [&hellip;]\" \/>\n<meta property=\"og:url\" content=\"https:\/\/cnss.cd\/?page_id=1787\" \/>\n<meta property=\"og:site_name\" content=\"Caisse Nationale de S\u00e9curit\u00e9 Sociale\" \/>\n<meta property=\"article:modified_time\" content=\"2024-05-24T14:02:12+00:00\" \/>\n<meta name=\"twitter:card\" content=\"summary_large_image\" \/>\n<meta name=\"twitter:label1\" content=\"Dur\u00e9e de lecture estim\u00e9e\" \/>\n\t<meta name=\"twitter:data1\" content=\"2 minutes\" \/>\n<script type=\"application\/ld+json\" class=\"yoast-schema-graph\">{\"@context\":\"https:\\\/\\\/schema.org\",\"@graph\":[{\"@type\":\"WebPage\",\"@id\":\"https:\\\/\\\/cnss.cd\\\/?page_id=1787\",\"url\":\"https:\\\/\\\/cnss.cd\\\/?page_id=1787\",\"name\":\"Qui sommes-nous ? - Caisse Nationale de S\u00e9curit\u00e9 Sociale\",\"isPartOf\":{\"@id\":\"https:\\\/\\\/cnss.cd\\\/#website\"},\"datePublished\":\"2024-04-15T06:52:22+00:00\",\"dateModified\":\"2024-05-24T14:02:12+00:00\",\"breadcrumb\":{\"@id\":\"https:\\\/\\\/cnss.cd\\\/?page_id=1787#breadcrumb\"},\"inLanguage\":\"fr-FR\",\"potentialAction\":[{\"@type\":\"ReadAction\",\"target\":[\"https:\\\/\\\/cnss.cd\\\/?page_id=1787\"]}]},{\"@type\":\"BreadcrumbList\",\"@id\":\"https:\\\/\\\/cnss.cd\\\/?page_id=1787#breadcrumb\",\"itemListElement\":[{\"@type\":\"ListItem\",\"position\":1,\"name\":\"Accueil\",\"item\":\"https:\\\/\\\/cnss.cd\\\/\"},{\"@type\":\"ListItem\",\"position\":2,\"name\":\"Qui sommes-nous ?\"}]},{\"@type\":\"WebSite\",\"@id\":\"https:\\\/\\\/cnss.cd\\\/#website\",\"url\":\"https:\\\/\\\/cnss.cd\\\/\",\"name\":\"Caisse Nationale de S\u00e9curit\u00e9 Sociale\",\"description\":\"Une s\u00e9curit\u00e9 pour aujourd&#039;hui et demain\",\"publisher\":{\"@id\":\"https:\\\/\\\/cnss.cd\\\/#organization\"},\"potentialAction\":[{\"@type\":\"SearchAction\",\"target\":{\"@type\":\"EntryPoint\",\"urlTemplate\":\"https:\\\/\\\/cnss.cd\\\/?s={search_term_string}\"},\"query-input\":{\"@type\":\"PropertyValueSpecification\",\"valueRequired\":true,\"valueName\":\"search_term_string\"}}],\"inLanguage\":\"fr-FR\"},{\"@type\":\"Organization\",\"@id\":\"https:\\\/\\\/cnss.cd\\\/#organization\",\"name\":\"Caisse Nationale de S\u00e9curit\u00e9 Sociale\",\"url\":\"https:\\\/\\\/cnss.cd\\\/\",\"logo\":{\"@type\":\"ImageObject\",\"inLanguage\":\"fr-FR\",\"@id\":\"https:\\\/\\\/cnss.cd\\\/#\\\/schema\\\/logo\\\/image\\\/\",\"url\":\"https:\\\/\\\/cnss.cd\\\/wp-content\\\/uploads\\\/2025\\\/01\\\/LOGO-CNSSPDF_preview_rev_1.png\",\"contentUrl\":\"https:\\\/\\\/cnss.cd\\\/wp-content\\\/uploads\\\/2025\\\/01\\\/LOGO-CNSSPDF_preview_rev_1.png\",\"width\":634,\"height\":395,\"caption\":\"Caisse Nationale de S\u00e9curit\u00e9 Sociale\"},\"image\":{\"@id\":\"https:\\\/\\\/cnss.cd\\\/#\\\/schema\\\/logo\\\/image\\\/\"}}]}<\/script>\n<!-- \/ Yoast SEO plugin. -->","yoast_head_json":{"title":"Qui sommes-nous ? - Caisse Nationale de S\u00e9curit\u00e9 Sociale","robots":{"index":"index","follow":"follow","max-snippet":"max-snippet:-1","max-image-preview":"max-image-preview:large","max-video-preview":"max-video-preview:-1"},"canonical":"https:\/\/cnss.cd\/?page_id=1787","og_locale":"fr_FR","og_type":"article","og_title":"Qui sommes-nous ? - Caisse Nationale de S\u00e9curit\u00e9 Sociale","og_description":"Pr\u00e9sentation Cr\u00e9\u00e9e pour la premi\u00e8re fois en 1961 sous la d\u00e9nomination de l\u2019Institut National de S\u00e9curit\u00e9 Sociale\u00a0(INSS), la\u00a0Caisse Nationale de S\u00e9curit\u00e9 Sociale\u00a0(CNSS), \u00e9tablissement public \u00e0 caract\u00e8re technique et social cr\u00e9\u00e9 [&hellip;]","og_url":"https:\/\/cnss.cd\/?page_id=1787","og_site_name":"Caisse Nationale de S\u00e9curit\u00e9 Sociale","article_modified_time":"2024-05-24T14:02:12+00:00","twitter_card":"summary_large_image","twitter_misc":{"Dur\u00e9e de lecture estim\u00e9e":"2 minutes"},"schema":{"@context":"https:\/\/schema.org","@graph":[{"@type":"WebPage","@id":"https:\/\/cnss.cd\/?page_id=1787","url":"https:\/\/cnss.cd\/?page_id=1787","name":"Qui sommes-nous ? - Caisse Nationale de S\u00e9curit\u00e9 Sociale","isPartOf":{"@id":"https:\/\/cnss.cd\/#website"},"datePublished":"2024-04-15T06:52:22+00:00","dateModified":"2024-05-24T14:02:12+00:00","breadcrumb":{"@id":"https:\/\/cnss.cd\/?page_id=1787#breadcrumb"},"inLanguage":"fr-FR","potentialAction":[{"@type":"ReadAction","target":["https:\/\/cnss.cd\/?page_id=1787"]}]},{"@type":"BreadcrumbList","@id":"https:\/\/cnss.cd\/?page_id=1787#breadcrumb","itemListElement":[{"@type":"ListItem","position":1,"name":"Accueil","item":"https:\/\/cnss.cd\/"},{"@type":"ListItem","position":2,"name":"Qui sommes-nous ?"}]},{"@type":"WebSite","@id":"https:\/\/cnss.cd\/#website","url":"https:\/\/cnss.cd\/","name":"Caisse Nationale de S\u00e9curit\u00e9 Sociale","description":"Une s\u00e9curit\u00e9 pour aujourd&#039;hui et demain","publisher":{"@id":"https:\/\/cnss.cd\/#organization"},"potentialAction":[{"@type":"SearchAction","target":{"@type":"EntryPoint","urlTemplate":"https:\/\/cnss.cd\/?s={search_term_string}"},"query-input":{"@type":"PropertyValueSpecification","valueRequired":true,"valueName":"search_term_string"}}],"inLanguage":"fr-FR"},{"@type":"Organization","@id":"https:\/\/cnss.cd\/#organization","name":"Caisse Nationale de S\u00e9curit\u00e9 Sociale","url":"https:\/\/cnss.cd\/","logo":{"@type":"ImageObject","inLanguage":"fr-FR","@id":"https:\/\/cnss.cd\/#\/schema\/logo\/image\/","url":"https:\/\/cnss.cd\/wp-content\/uploads\/2025\/01\/LOGO-CNSSPDF_preview_rev_1.png","contentUrl":"https:\/\/cnss.cd\/wp-content\/uploads\/2025\/01\/LOGO-CNSSPDF_preview_rev_1.png","width":634,"height":395,"caption":"Caisse Nationale de S\u00e9curit\u00e9 Sociale"},"image":{"@id":"https:\/\/cnss.cd\/#\/schema\/logo\/image\/"}}]}},"jetpack_sharing_enabled":true,"_links":{"self":[{"href":"https:\/\/cnss.cd\/index.php?rest_route=\/wp\/v2\/pages\/1787","targetHints":{"allow":["GET"]}}],"collection":[{"href":"https:\/\/cnss.cd\/index.php?rest_route=\/wp\/v2\/pages"}],"about":[{"href":"https:\/\/cnss.cd\/index.php?rest_route=\/wp\/v2\/types\/page"}],"author":[{"embeddable":true,"href":"https:\/\/cnss.cd\/index.php?rest_route=\/wp\/v2\/users\/4"}],"replies":[{"embeddable":true,"href":"https:\/\/cnss.cd\/index.php?rest_route=%2Fwp%2Fv2%2Fcomments&post=1787"}],"version-history":[{"count":11,"href":"https:\/\/cnss.cd\/index.php?rest_route=\/wp\/v2\/pages\/1787\/revisions"}],"predecessor-version":[{"id":2619,"href":"https:\/\/cnss.cd\/index.php?rest_route=\/wp\/v2\/pages\/1787\/revisions\/2619"}],"wp:attachment":[{"href":"https:\/\/cnss.cd\/index.php?rest_route=%2Fwp%2Fv2%2Fmedia&parent=1787"}],"curies":[{"name":"wp","href":"https:\/\/api.w.org\/{rel}","templated":true}]}}