{"id":1735,"date":"2024-04-11T11:20:03","date_gmt":"2024-04-11T09:20:03","guid":{"rendered":"https:\/\/cnss.cd\/?page_id=1735"},"modified":"2024-05-03T22:05:28","modified_gmt":"2024-05-03T20:05:28","slug":"assujettissement-des-travailleurs","status":"publish","type":"page","link":"https:\/\/cnss.cd\/?page_id=1735","title":{"rendered":"Assujettissement des travailleurs"},"content":{"rendered":"\t\t<div data-elementor-type=\"wp-page\" data-elementor-id=\"1735\" class=\"elementor elementor-1735\" data-elementor-post-type=\"page\">\n\t\t\t\t<div class=\"elementor-element elementor-element-156f62b e-con-full e-flex qodef-elementor-content-no e-con e-parent\" data-id=\"156f62b\" data-element_type=\"container\" data-e-type=\"container\">\n\t\t\t\t<div class=\"elementor-element elementor-element-7d9eaf5 elementor-widget elementor-widget-text-editor\" data-id=\"7d9eaf5\" data-element_type=\"widget\" data-e-type=\"widget\" data-widget_type=\"text-editor.default\">\n\t\t\t\t<div class=\"elementor-widget-container\">\n\t\t\t\t\t\t\t\t\t<h3><b><b><u><span lang=\"FR\">Assujettissement des travailleurs<\/span><\/u><\/b><\/b><\/h3><div><p style=\"font-weight: 400;\">Travailleur : Toute personne physique en \u00e2ge de contracter, quels que soient son sexe, son \u00e9tat-civil et sa nationalit\u00e9, qui s\u2019est engag\u00e9e \u00e0 mettre son activit\u00e9 professionnelle, moyennant r\u00e9mun\u00e9ration, sous la direction et l\u2019autorit\u00e9 d\u2019une personne physique ou morale, publique ou priv\u00e9e, dans les liens d\u2019un contrat de travail.<\/p><p style=\"font-weight: 400;\">\u00a0Pour la d\u00e9termination de la qualit\u00e9 de travailleur, il ne sera tenu compte ni du statut juridique de l\u2019employeur ni de celui de l\u2019employ\u00e9.<\/p><p>\u00a0<\/p><p style=\"font-weight: 400;\"><strong>Est obligatoirement assujetti au r\u00e9gime g\u00e9n\u00e9ral de la s\u00e9curit\u00e9 sociale pour toutes les branches : <\/strong><\/p><ol><li style=\"font-weight: 400;\">tout travailleur soumis aux dispositions du Code du Travail en ce compris les travailleurs journaliers ou occasionnels, les salari\u00e9s \u00e0 domicile et les travailleurs domestiques, ainsi que le batelier et tout autre personnel naviguant sans aucune distinction de race, de nationalit\u00e9, de sexe, d\u2019\u00e9tat civil, de religion, d\u2019opinion politique et d\u2019origine, lorsqu\u2019ils exercent, \u00e0 titre principal, une activit\u00e9 professionnelle sur le territoire national pour le compte d\u2019un ou de plusieurs employeurs nonobstant la nature, la forme, la validit\u00e9 du contrat et le montant de la r\u00e9mun\u00e9ration ;<\/li><li style=\"font-weight: 400;\">le mandataire de l\u2019Etat dans les entreprises et \u00e9tablissements publics et dans les soci\u00e9t\u00e9s d\u2019\u00e9conomie mixte ne b\u00e9n\u00e9ficiant pas, en vertu des dispositions l\u00e9gales ou r\u00e9glementaires, d\u2019un r\u00e9gime particulier de la s\u00e9curit\u00e9 sociale ;<\/li><li style=\"font-weight: 400;\">le personnel de l\u2019Etat, des provinces et des entit\u00e9s territoriales d\u00e9centralis\u00e9es ne b\u00e9n\u00e9ficiant pas, en vertu des dispositions l\u00e9gales ou r\u00e9glementaires, d\u2019un r\u00e9gime particulier de la s\u00e9curit\u00e9 sociale ;<\/li><li style=\"font-weight: 400;\">le marin immatricul\u00e9 en R\u00e9publique D\u00e9mocratique du Congo engag\u00e9 \u00e0 bord d\u2019un navire battant pavillon congolais ;<\/li><li style=\"font-weight: 400;\">l\u2019employ\u00e9 local d\u2019une mission diplomatique accr\u00e9dit\u00e9e et \u00e9tablie en R\u00e9publique D\u00e9mocratique du Congo ;<\/li><li style=\"font-weight: 400;\">l\u2019associ\u00e9 actif d\u2019une soci\u00e9t\u00e9 ;<\/li><li style=\"font-weight: 400;\">le travailleur congolais occup\u00e9 par une entreprise situ\u00e9e en R\u00e9publique D\u00e9mocratique du Congo et qui, pour le compte de cette entreprise, preste sur le territoire d\u2019un autre pays afin d\u2019effectuer un travail pour une dur\u00e9e n\u2019exc\u00e9dant pas six mois ;<\/li><li style=\"font-weight: 400;\">le travailleur \u00e9tranger occup\u00e9 par une entreprise situ\u00e9e \u00e0 l\u2019\u00e9tranger et qui, pour le compte de cette entreprise, preste sur le territoire congolais afin d\u2019effectuer un travail pour une dur\u00e9e exc\u00e9dant six mois.<\/li><\/ol><\/div><div>\u00a0<\/div>\t\t\t\t\t\t\t\t<\/div>\n\t\t\t\t<\/div>\n\t\t\t\t<\/div>\n\t\t\t\t<\/div>\n\t\t","protected":false},"excerpt":{"rendered":"<p>Assujettissement des travailleurs Travailleur : Toute personne physique en \u00e2ge de contracter, quels que soient son sexe, son \u00e9tat-civil et sa nationalit\u00e9, qui s\u2019est engag\u00e9e \u00e0 mettre son activit\u00e9 professionnelle, [&hellip;]<\/p>\n","protected":false},"author":4,"featured_media":0,"parent":0,"menu_order":0,"comment_status":"closed","ping_status":"closed","template":"elementor_header_footer","meta":{"_kadence_starter_templates_imported_post":false,"jetpack_post_was_ever_published":false,"footnotes":""},"class_list":["post-1735","page","type-page","status-publish","hentry"],"yoast_head":"<!-- This site is optimized with the Yoast SEO plugin v27.4 - https:\/\/yoast.com\/product\/yoast-seo-wordpress\/ -->\n<title>Assujettissement des travailleurs - Caisse Nationale de S\u00e9curit\u00e9 Sociale<\/title>\n<meta name=\"robots\" content=\"index, follow, max-snippet:-1, max-image-preview:large, max-video-preview:-1\" \/>\n<link rel=\"canonical\" href=\"https:\/\/cnss.cd\/?page_id=1735\" \/>\n<meta property=\"og:locale\" content=\"fr_FR\" \/>\n<meta property=\"og:type\" content=\"article\" \/>\n<meta property=\"og:title\" content=\"Assujettissement des travailleurs - Caisse Nationale de S\u00e9curit\u00e9 Sociale\" \/>\n<meta property=\"og:description\" content=\"Assujettissement des travailleurs Travailleur : Toute personne physique en \u00e2ge de contracter, quels que soient son sexe, son \u00e9tat-civil et sa nationalit\u00e9, qui s\u2019est engag\u00e9e \u00e0 mettre son activit\u00e9 professionnelle, [&hellip;]\" \/>\n<meta property=\"og:url\" content=\"https:\/\/cnss.cd\/?page_id=1735\" \/>\n<meta property=\"og:site_name\" content=\"Caisse Nationale de S\u00e9curit\u00e9 Sociale\" \/>\n<meta property=\"article:modified_time\" content=\"2024-05-03T20:05:28+00:00\" \/>\n<meta name=\"twitter:card\" content=\"summary_large_image\" \/>\n<meta name=\"twitter:label1\" content=\"Dur\u00e9e de lecture estim\u00e9e\" \/>\n\t<meta name=\"twitter:data1\" content=\"2 minutes\" \/>\n<script type=\"application\/ld+json\" class=\"yoast-schema-graph\">{\"@context\":\"https:\\\/\\\/schema.org\",\"@graph\":[{\"@type\":\"WebPage\",\"@id\":\"https:\\\/\\\/cnss.cd\\\/?page_id=1735\",\"url\":\"https:\\\/\\\/cnss.cd\\\/?page_id=1735\",\"name\":\"Assujettissement des travailleurs - Caisse Nationale de S\u00e9curit\u00e9 Sociale\",\"isPartOf\":{\"@id\":\"https:\\\/\\\/cnss.cd\\\/#website\"},\"datePublished\":\"2024-04-11T09:20:03+00:00\",\"dateModified\":\"2024-05-03T20:05:28+00:00\",\"breadcrumb\":{\"@id\":\"https:\\\/\\\/cnss.cd\\\/?page_id=1735#breadcrumb\"},\"inLanguage\":\"fr-FR\",\"potentialAction\":[{\"@type\":\"ReadAction\",\"target\":[\"https:\\\/\\\/cnss.cd\\\/?page_id=1735\"]}]},{\"@type\":\"BreadcrumbList\",\"@id\":\"https:\\\/\\\/cnss.cd\\\/?page_id=1735#breadcrumb\",\"itemListElement\":[{\"@type\":\"ListItem\",\"position\":1,\"name\":\"Accueil\",\"item\":\"https:\\\/\\\/cnss.cd\\\/\"},{\"@type\":\"ListItem\",\"position\":2,\"name\":\"Assujettissement des travailleurs\"}]},{\"@type\":\"WebSite\",\"@id\":\"https:\\\/\\\/cnss.cd\\\/#website\",\"url\":\"https:\\\/\\\/cnss.cd\\\/\",\"name\":\"Caisse Nationale de S\u00e9curit\u00e9 Sociale\",\"description\":\"Une s\u00e9curit\u00e9 pour aujourd&#039;hui et demain\",\"publisher\":{\"@id\":\"https:\\\/\\\/cnss.cd\\\/#organization\"},\"potentialAction\":[{\"@type\":\"SearchAction\",\"target\":{\"@type\":\"EntryPoint\",\"urlTemplate\":\"https:\\\/\\\/cnss.cd\\\/?s={search_term_string}\"},\"query-input\":{\"@type\":\"PropertyValueSpecification\",\"valueRequired\":true,\"valueName\":\"search_term_string\"}}],\"inLanguage\":\"fr-FR\"},{\"@type\":\"Organization\",\"@id\":\"https:\\\/\\\/cnss.cd\\\/#organization\",\"name\":\"Caisse Nationale de S\u00e9curit\u00e9 Sociale\",\"url\":\"https:\\\/\\\/cnss.cd\\\/\",\"logo\":{\"@type\":\"ImageObject\",\"inLanguage\":\"fr-FR\",\"@id\":\"https:\\\/\\\/cnss.cd\\\/#\\\/schema\\\/logo\\\/image\\\/\",\"url\":\"https:\\\/\\\/cnss.cd\\\/wp-content\\\/uploads\\\/2025\\\/01\\\/LOGO-CNSSPDF_preview_rev_1.png\",\"contentUrl\":\"https:\\\/\\\/cnss.cd\\\/wp-content\\\/uploads\\\/2025\\\/01\\\/LOGO-CNSSPDF_preview_rev_1.png\",\"width\":634,\"height\":395,\"caption\":\"Caisse Nationale de S\u00e9curit\u00e9 Sociale\"},\"image\":{\"@id\":\"https:\\\/\\\/cnss.cd\\\/#\\\/schema\\\/logo\\\/image\\\/\"}}]}<\/script>\n<!-- \/ Yoast SEO plugin. -->","yoast_head_json":{"title":"Assujettissement des travailleurs - Caisse Nationale de S\u00e9curit\u00e9 Sociale","robots":{"index":"index","follow":"follow","max-snippet":"max-snippet:-1","max-image-preview":"max-image-preview:large","max-video-preview":"max-video-preview:-1"},"canonical":"https:\/\/cnss.cd\/?page_id=1735","og_locale":"fr_FR","og_type":"article","og_title":"Assujettissement des travailleurs - Caisse Nationale de S\u00e9curit\u00e9 Sociale","og_description":"Assujettissement des travailleurs Travailleur : Toute personne physique en \u00e2ge de contracter, quels que soient son sexe, son \u00e9tat-civil et sa nationalit\u00e9, qui s\u2019est engag\u00e9e \u00e0 mettre son activit\u00e9 professionnelle, [&hellip;]","og_url":"https:\/\/cnss.cd\/?page_id=1735","og_site_name":"Caisse Nationale de S\u00e9curit\u00e9 Sociale","article_modified_time":"2024-05-03T20:05:28+00:00","twitter_card":"summary_large_image","twitter_misc":{"Dur\u00e9e de lecture estim\u00e9e":"2 minutes"},"schema":{"@context":"https:\/\/schema.org","@graph":[{"@type":"WebPage","@id":"https:\/\/cnss.cd\/?page_id=1735","url":"https:\/\/cnss.cd\/?page_id=1735","name":"Assujettissement des travailleurs - Caisse Nationale de S\u00e9curit\u00e9 Sociale","isPartOf":{"@id":"https:\/\/cnss.cd\/#website"},"datePublished":"2024-04-11T09:20:03+00:00","dateModified":"2024-05-03T20:05:28+00:00","breadcrumb":{"@id":"https:\/\/cnss.cd\/?page_id=1735#breadcrumb"},"inLanguage":"fr-FR","potentialAction":[{"@type":"ReadAction","target":["https:\/\/cnss.cd\/?page_id=1735"]}]},{"@type":"BreadcrumbList","@id":"https:\/\/cnss.cd\/?page_id=1735#breadcrumb","itemListElement":[{"@type":"ListItem","position":1,"name":"Accueil","item":"https:\/\/cnss.cd\/"},{"@type":"ListItem","position":2,"name":"Assujettissement des travailleurs"}]},{"@type":"WebSite","@id":"https:\/\/cnss.cd\/#website","url":"https:\/\/cnss.cd\/","name":"Caisse Nationale de S\u00e9curit\u00e9 Sociale","description":"Une s\u00e9curit\u00e9 pour aujourd&#039;hui et demain","publisher":{"@id":"https:\/\/cnss.cd\/#organization"},"potentialAction":[{"@type":"SearchAction","target":{"@type":"EntryPoint","urlTemplate":"https:\/\/cnss.cd\/?s={search_term_string}"},"query-input":{"@type":"PropertyValueSpecification","valueRequired":true,"valueName":"search_term_string"}}],"inLanguage":"fr-FR"},{"@type":"Organization","@id":"https:\/\/cnss.cd\/#organization","name":"Caisse Nationale de S\u00e9curit\u00e9 Sociale","url":"https:\/\/cnss.cd\/","logo":{"@type":"ImageObject","inLanguage":"fr-FR","@id":"https:\/\/cnss.cd\/#\/schema\/logo\/image\/","url":"https:\/\/cnss.cd\/wp-content\/uploads\/2025\/01\/LOGO-CNSSPDF_preview_rev_1.png","contentUrl":"https:\/\/cnss.cd\/wp-content\/uploads\/2025\/01\/LOGO-CNSSPDF_preview_rev_1.png","width":634,"height":395,"caption":"Caisse Nationale de S\u00e9curit\u00e9 Sociale"},"image":{"@id":"https:\/\/cnss.cd\/#\/schema\/logo\/image\/"}}]}},"jetpack_sharing_enabled":true,"_links":{"self":[{"href":"https:\/\/cnss.cd\/index.php?rest_route=\/wp\/v2\/pages\/1735","targetHints":{"allow":["GET"]}}],"collection":[{"href":"https:\/\/cnss.cd\/index.php?rest_route=\/wp\/v2\/pages"}],"about":[{"href":"https:\/\/cnss.cd\/index.php?rest_route=\/wp\/v2\/types\/page"}],"author":[{"embeddable":true,"href":"https:\/\/cnss.cd\/index.php?rest_route=\/wp\/v2\/users\/4"}],"replies":[{"embeddable":true,"href":"https:\/\/cnss.cd\/index.php?rest_route=%2Fwp%2Fv2%2Fcomments&post=1735"}],"version-history":[{"count":13,"href":"https:\/\/cnss.cd\/index.php?rest_route=\/wp\/v2\/pages\/1735\/revisions"}],"predecessor-version":[{"id":2365,"href":"https:\/\/cnss.cd\/index.php?rest_route=\/wp\/v2\/pages\/1735\/revisions\/2365"}],"wp:attachment":[{"href":"https:\/\/cnss.cd\/index.php?rest_route=%2Fwp%2Fv2%2Fmedia&parent=1735"}],"curies":[{"name":"wp","href":"https:\/\/api.w.org\/{rel}","templated":true}]}}