{"id":1721,"date":"2024-04-11T11:06:10","date_gmt":"2024-04-11T09:06:10","guid":{"rendered":"https:\/\/cnss.cd\/?page_id=1721"},"modified":"2024-04-26T07:21:13","modified_gmt":"2024-04-26T05:21:13","slug":"la-teledeclaration","status":"publish","type":"page","link":"https:\/\/cnss.cd\/?page_id=1721","title":{"rendered":"La\u00a0T\u00e9l\u00e9d\u00e9claration"},"content":{"rendered":"\t\t<div data-elementor-type=\"wp-page\" data-elementor-id=\"1721\" class=\"elementor elementor-1721\" data-elementor-post-type=\"page\">\n\t\t\t\t<div class=\"elementor-element elementor-element-58df80f e-con-full e-flex qodef-elementor-content-no e-con e-parent\" data-id=\"58df80f\" data-element_type=\"container\" data-e-type=\"container\">\n\t\t\t\t<div class=\"elementor-element elementor-element-89b54aa elementor-widget elementor-widget-text-editor\" data-id=\"89b54aa\" data-element_type=\"widget\" data-e-type=\"widget\" data-widget_type=\"text-editor.default\">\n\t\t\t\t<div class=\"elementor-widget-container\">\n\t\t\t\t\t\t\t\t\t<h3><strong><u><span lang=\"FR\">La T\u00e9l\u00e9d\u00e9claration<\/span><\/u><\/strong><\/h3><div><p style=\"font-weight: 400;\">La <strong><em><u>loi num\u00e9ro\u00a016\/009\u00a0du\u00a015 juillet 2016<\/u><\/em><\/strong> stipule que tout employeur ayant plus de 25 travailleurs doit passer par la plateforme num\u00e9rique de t\u00e9l\u00e9d\u00e9claration pour transmettre les d\u00e9clarations \u00e0 la Caisse.<\/p><p style=\"font-weight: 400;\">Ce syst\u00e8me a pour avantage :<\/p><ul><li>De faciliter l\u2019employeur en termes de trajet\u00a0: \u00e9vite tout d\u00e9placement, vous effectuez vos d\u00e9clarations en ligne via ordinateur, smartphone, tablette etc. \u00e0 condition d\u2019avoir une connexion internet. la d\u00e9claration de ses travailleurs se fait \u00e0 l\u2019endroit o\u00f9 l\u2019on se trouve\u00a0;<\/li><\/ul><ul style=\"font-weight: 400;\"><li>Consulter l&#8217;historique de ses D\u00e9clarations Mensuelles de La Feuille de Paie (DMFP)\u00a0;<\/li><\/ul><ul><li>De permettre \u00e0 la CNSS d\u2019avoir vos donn\u00e9es \u00e0 temps r\u00e9el et ainsi le traitement se fait \u00e0 un d\u00e9lai r\u00e9duit ce en rapport avec les prestations \u00e0 court terme (Prestations aux familles).<\/li><\/ul><p>\u00a0<\/p><p style=\"font-weight: 400;\"><b><i><u>Cliquez <a href=\"https:\/\/edeclaration.cnss.cd\" target=\"_blank\" rel=\"noopener\">ici<\/a> pour obtenir un guide qui vous permettra d&#8217;effectuer vos d\u00e9clarations en ligne.<\/u><\/i><\/b><\/p><\/div><div>\u00a0<\/div>\t\t\t\t\t\t\t\t<\/div>\n\t\t\t\t<\/div>\n\t\t\t\t<\/div>\n\t\t\t\t<\/div>\n\t\t","protected":false},"excerpt":{"rendered":"<p>La T\u00e9l\u00e9d\u00e9claration La loi num\u00e9ro\u00a016\/009\u00a0du\u00a015 juillet 2016 stipule que tout employeur ayant plus de 25 travailleurs doit passer par la plateforme num\u00e9rique de t\u00e9l\u00e9d\u00e9claration pour transmettre les d\u00e9clarations \u00e0 la [&hellip;]<\/p>\n","protected":false},"author":4,"featured_media":0,"parent":0,"menu_order":0,"comment_status":"closed","ping_status":"closed","template":"elementor_header_footer","meta":{"_kadence_starter_templates_imported_post":false,"jetpack_post_was_ever_published":false,"footnotes":""},"class_list":["post-1721","page","type-page","status-publish","hentry"],"yoast_head":"<!-- This site is optimized with the Yoast SEO plugin v27.4 - https:\/\/yoast.com\/product\/yoast-seo-wordpress\/ -->\n<title>La\u00a0T\u00e9l\u00e9d\u00e9claration - Caisse Nationale de S\u00e9curit\u00e9 Sociale<\/title>\n<meta name=\"robots\" content=\"index, follow, max-snippet:-1, max-image-preview:large, max-video-preview:-1\" \/>\n<link rel=\"canonical\" href=\"https:\/\/cnss.cd\/?page_id=1721\" \/>\n<meta property=\"og:locale\" content=\"fr_FR\" \/>\n<meta property=\"og:type\" content=\"article\" \/>\n<meta property=\"og:title\" content=\"La\u00a0T\u00e9l\u00e9d\u00e9claration - Caisse Nationale de S\u00e9curit\u00e9 Sociale\" \/>\n<meta property=\"og:description\" content=\"La T\u00e9l\u00e9d\u00e9claration La loi num\u00e9ro\u00a016\/009\u00a0du\u00a015 juillet 2016 stipule que tout employeur ayant plus de 25 travailleurs doit passer par la plateforme num\u00e9rique de t\u00e9l\u00e9d\u00e9claration pour transmettre les d\u00e9clarations \u00e0 la [&hellip;]\" \/>\n<meta property=\"og:url\" content=\"https:\/\/cnss.cd\/?page_id=1721\" \/>\n<meta property=\"og:site_name\" content=\"Caisse Nationale de S\u00e9curit\u00e9 Sociale\" \/>\n<meta property=\"article:modified_time\" content=\"2024-04-26T05:21:13+00:00\" \/>\n<meta name=\"twitter:card\" content=\"summary_large_image\" \/>\n<meta name=\"twitter:label1\" content=\"Dur\u00e9e de lecture estim\u00e9e\" \/>\n\t<meta name=\"twitter:data1\" content=\"1 minute\" \/>\n<script type=\"application\/ld+json\" class=\"yoast-schema-graph\">{\"@context\":\"https:\\\/\\\/schema.org\",\"@graph\":[{\"@type\":\"WebPage\",\"@id\":\"https:\\\/\\\/cnss.cd\\\/?page_id=1721\",\"url\":\"https:\\\/\\\/cnss.cd\\\/?page_id=1721\",\"name\":\"La\u00a0T\u00e9l\u00e9d\u00e9claration - Caisse Nationale de S\u00e9curit\u00e9 Sociale\",\"isPartOf\":{\"@id\":\"https:\\\/\\\/cnss.cd\\\/#website\"},\"datePublished\":\"2024-04-11T09:06:10+00:00\",\"dateModified\":\"2024-04-26T05:21:13+00:00\",\"breadcrumb\":{\"@id\":\"https:\\\/\\\/cnss.cd\\\/?page_id=1721#breadcrumb\"},\"inLanguage\":\"fr-FR\",\"potentialAction\":[{\"@type\":\"ReadAction\",\"target\":[\"https:\\\/\\\/cnss.cd\\\/?page_id=1721\"]}]},{\"@type\":\"BreadcrumbList\",\"@id\":\"https:\\\/\\\/cnss.cd\\\/?page_id=1721#breadcrumb\",\"itemListElement\":[{\"@type\":\"ListItem\",\"position\":1,\"name\":\"Accueil\",\"item\":\"https:\\\/\\\/cnss.cd\\\/\"},{\"@type\":\"ListItem\",\"position\":2,\"name\":\"La\u00a0T\u00e9l\u00e9d\u00e9claration\"}]},{\"@type\":\"WebSite\",\"@id\":\"https:\\\/\\\/cnss.cd\\\/#website\",\"url\":\"https:\\\/\\\/cnss.cd\\\/\",\"name\":\"Caisse Nationale de S\u00e9curit\u00e9 Sociale\",\"description\":\"Une s\u00e9curit\u00e9 pour aujourd&#039;hui et demain\",\"publisher\":{\"@id\":\"https:\\\/\\\/cnss.cd\\\/#organization\"},\"potentialAction\":[{\"@type\":\"SearchAction\",\"target\":{\"@type\":\"EntryPoint\",\"urlTemplate\":\"https:\\\/\\\/cnss.cd\\\/?s={search_term_string}\"},\"query-input\":{\"@type\":\"PropertyValueSpecification\",\"valueRequired\":true,\"valueName\":\"search_term_string\"}}],\"inLanguage\":\"fr-FR\"},{\"@type\":\"Organization\",\"@id\":\"https:\\\/\\\/cnss.cd\\\/#organization\",\"name\":\"Caisse Nationale de S\u00e9curit\u00e9 Sociale\",\"url\":\"https:\\\/\\\/cnss.cd\\\/\",\"logo\":{\"@type\":\"ImageObject\",\"inLanguage\":\"fr-FR\",\"@id\":\"https:\\\/\\\/cnss.cd\\\/#\\\/schema\\\/logo\\\/image\\\/\",\"url\":\"https:\\\/\\\/cnss.cd\\\/wp-content\\\/uploads\\\/2025\\\/01\\\/LOGO-CNSSPDF_preview_rev_1.png\",\"contentUrl\":\"https:\\\/\\\/cnss.cd\\\/wp-content\\\/uploads\\\/2025\\\/01\\\/LOGO-CNSSPDF_preview_rev_1.png\",\"width\":634,\"height\":395,\"caption\":\"Caisse Nationale de S\u00e9curit\u00e9 Sociale\"},\"image\":{\"@id\":\"https:\\\/\\\/cnss.cd\\\/#\\\/schema\\\/logo\\\/image\\\/\"}}]}<\/script>\n<!-- \/ Yoast SEO plugin. -->","yoast_head_json":{"title":"La\u00a0T\u00e9l\u00e9d\u00e9claration - Caisse Nationale de S\u00e9curit\u00e9 Sociale","robots":{"index":"index","follow":"follow","max-snippet":"max-snippet:-1","max-image-preview":"max-image-preview:large","max-video-preview":"max-video-preview:-1"},"canonical":"https:\/\/cnss.cd\/?page_id=1721","og_locale":"fr_FR","og_type":"article","og_title":"La\u00a0T\u00e9l\u00e9d\u00e9claration - Caisse Nationale de S\u00e9curit\u00e9 Sociale","og_description":"La T\u00e9l\u00e9d\u00e9claration La loi num\u00e9ro\u00a016\/009\u00a0du\u00a015 juillet 2016 stipule que tout employeur ayant plus de 25 travailleurs doit passer par la plateforme num\u00e9rique de t\u00e9l\u00e9d\u00e9claration pour transmettre les d\u00e9clarations \u00e0 la [&hellip;]","og_url":"https:\/\/cnss.cd\/?page_id=1721","og_site_name":"Caisse Nationale de S\u00e9curit\u00e9 Sociale","article_modified_time":"2024-04-26T05:21:13+00:00","twitter_card":"summary_large_image","twitter_misc":{"Dur\u00e9e de lecture estim\u00e9e":"1 minute"},"schema":{"@context":"https:\/\/schema.org","@graph":[{"@type":"WebPage","@id":"https:\/\/cnss.cd\/?page_id=1721","url":"https:\/\/cnss.cd\/?page_id=1721","name":"La\u00a0T\u00e9l\u00e9d\u00e9claration - Caisse Nationale de S\u00e9curit\u00e9 Sociale","isPartOf":{"@id":"https:\/\/cnss.cd\/#website"},"datePublished":"2024-04-11T09:06:10+00:00","dateModified":"2024-04-26T05:21:13+00:00","breadcrumb":{"@id":"https:\/\/cnss.cd\/?page_id=1721#breadcrumb"},"inLanguage":"fr-FR","potentialAction":[{"@type":"ReadAction","target":["https:\/\/cnss.cd\/?page_id=1721"]}]},{"@type":"BreadcrumbList","@id":"https:\/\/cnss.cd\/?page_id=1721#breadcrumb","itemListElement":[{"@type":"ListItem","position":1,"name":"Accueil","item":"https:\/\/cnss.cd\/"},{"@type":"ListItem","position":2,"name":"La\u00a0T\u00e9l\u00e9d\u00e9claration"}]},{"@type":"WebSite","@id":"https:\/\/cnss.cd\/#website","url":"https:\/\/cnss.cd\/","name":"Caisse Nationale de S\u00e9curit\u00e9 Sociale","description":"Une s\u00e9curit\u00e9 pour aujourd&#039;hui et demain","publisher":{"@id":"https:\/\/cnss.cd\/#organization"},"potentialAction":[{"@type":"SearchAction","target":{"@type":"EntryPoint","urlTemplate":"https:\/\/cnss.cd\/?s={search_term_string}"},"query-input":{"@type":"PropertyValueSpecification","valueRequired":true,"valueName":"search_term_string"}}],"inLanguage":"fr-FR"},{"@type":"Organization","@id":"https:\/\/cnss.cd\/#organization","name":"Caisse Nationale de S\u00e9curit\u00e9 Sociale","url":"https:\/\/cnss.cd\/","logo":{"@type":"ImageObject","inLanguage":"fr-FR","@id":"https:\/\/cnss.cd\/#\/schema\/logo\/image\/","url":"https:\/\/cnss.cd\/wp-content\/uploads\/2025\/01\/LOGO-CNSSPDF_preview_rev_1.png","contentUrl":"https:\/\/cnss.cd\/wp-content\/uploads\/2025\/01\/LOGO-CNSSPDF_preview_rev_1.png","width":634,"height":395,"caption":"Caisse Nationale de S\u00e9curit\u00e9 Sociale"},"image":{"@id":"https:\/\/cnss.cd\/#\/schema\/logo\/image\/"}}]}},"jetpack_sharing_enabled":true,"_links":{"self":[{"href":"https:\/\/cnss.cd\/index.php?rest_route=\/wp\/v2\/pages\/1721","targetHints":{"allow":["GET"]}}],"collection":[{"href":"https:\/\/cnss.cd\/index.php?rest_route=\/wp\/v2\/pages"}],"about":[{"href":"https:\/\/cnss.cd\/index.php?rest_route=\/wp\/v2\/types\/page"}],"author":[{"embeddable":true,"href":"https:\/\/cnss.cd\/index.php?rest_route=\/wp\/v2\/users\/4"}],"replies":[{"embeddable":true,"href":"https:\/\/cnss.cd\/index.php?rest_route=%2Fwp%2Fv2%2Fcomments&post=1721"}],"version-history":[{"count":20,"href":"https:\/\/cnss.cd\/index.php?rest_route=\/wp\/v2\/pages\/1721\/revisions"}],"predecessor-version":[{"id":2195,"href":"https:\/\/cnss.cd\/index.php?rest_route=\/wp\/v2\/pages\/1721\/revisions\/2195"}],"wp:attachment":[{"href":"https:\/\/cnss.cd\/index.php?rest_route=%2Fwp%2Fv2%2Fmedia&parent=1721"}],"curies":[{"name":"wp","href":"https:\/\/api.w.org\/{rel}","templated":true}]}}