{"id":1713,"date":"2024-04-11T10:56:53","date_gmt":"2024-04-11T08:56:53","guid":{"rendered":"https:\/\/cnss.cd\/?page_id=1713"},"modified":"2024-05-03T22:10:11","modified_gmt":"2024-05-03T20:10:11","slug":"controle-recouvrement","status":"publish","type":"page","link":"https:\/\/cnss.cd\/?page_id=1713","title":{"rendered":"Contr\u00f4le &amp; recouvrement"},"content":{"rendered":"\t\t<div data-elementor-type=\"wp-page\" data-elementor-id=\"1713\" class=\"elementor elementor-1713\" data-elementor-post-type=\"page\">\n\t\t\t\t<div class=\"elementor-element elementor-element-14125d1 e-con-full e-flex qodef-elementor-content-no e-con e-parent\" data-id=\"14125d1\" data-element_type=\"container\" data-e-type=\"container\">\n\t\t\t\t<div class=\"elementor-element elementor-element-3994fdb elementor-widget elementor-widget-text-editor\" data-id=\"3994fdb\" data-element_type=\"widget\" data-e-type=\"widget\" data-widget_type=\"text-editor.default\">\n\t\t\t\t<div class=\"elementor-widget-container\">\n\t\t\t\t\t\t\t\t\t<h3><u><span lang=\"FR\">Contr\u00f4le &amp; recouvrement<\/span><\/u><\/h3><p>\u00a0<\/p><p style=\"font-weight: 400;\">Conform\u00e9ment \u00e0 l\u2019arr\u00eat\u00e9 minist\u00e9riel <strong>n\u00b0141\/CAB\/MINETAT\/MTEPS\/01\/2018 du 08 novembre 2018<\/strong> portant organisation, affectation et fonctionnement du corps des contr\u00f4leurs, il est institu\u00e9 au sein de la CNSS un corps des contr\u00f4leurs charg\u00e9 du contr\u00f4le de l\u2019application par les assujettis de la l\u00e9gislation relative au r\u00e9gime g\u00e9n\u00e9ral de la s\u00e9curit\u00e9 sociale.<\/p><p style=\"font-weight: 400;\">Le contr\u00f4leur de la Caisse a qualit\u00e9 d\u2019Officier de Police Judiciaire \u00e0 comp\u00e9tence restreinte.<\/p><p style=\"font-weight: 400;\">Les activit\u00e9s relatives au contr\u00f4le et au recouvrement concernent\u00a0:<\/p><ul style=\"font-weight: 400;\"><li>Les cotisations en cours\u00a0;<\/li><li>Les arri\u00e9r\u00e9s des cotisations\u00a0;<\/li><li>La v\u00e9rification ou les enqu\u00eates administratives\u00a0;<\/li><li>Des revenus locatifs en cours et des arri\u00e9r\u00e9s\u00a0;<\/li><li>Les actions de pr\u00e9vention des risques professionnels.<\/li><\/ul><p style=\"font-weight: 400;\">Les employeurs ou leurs pr\u00e9pos\u00e9s, les assur\u00e9s sociaux ou leurs ayants-droits et les locataires sont tenus de mettre \u00e0 la disposition du contr\u00f4leur de la Caisse les documents jug\u00e9s n\u00e9cessaires \u00e0 la r\u00e9alisation de sa mission, notamment\u00a0:<\/p><ul style=\"font-weight: 400;\"><li>La convention collective\u00a0;<\/li><li>Le contrat de bail\u00a0;<\/li><li>Les preuves de paiement des travailleurs\u00a0;<\/li><li>Les dossiers administratifs des travailleurs\u00a0;<\/li><li>Les documents comptables (bilan, tableau de formation des r\u00e9sultats, livres de caisse, livre de paie, \u2026)\u00a0;<\/li><li>Les preuves de paiement des cotisations sociales\u00a0;<\/li><li>La liste de pr\u00e9sence des travailleurs\u00a0;<\/li><li>Les copies des feuilles de paie.<\/li><\/ul><p style=\"font-weight: 400;\">La d\u00e9l\u00e9gation syndicale et les travailleurs sont tenus de donner au contr\u00f4leur les informations dont il a besoin. En cas de n\u00e9cessit\u00e9, le contr\u00f4leur peut acc\u00e9der au syst\u00e8me d\u2019information de l\u2019employeur.<\/p><p style=\"font-weight: 400;\">La v\u00e9rification s\u2019effectue dans les locaux de l\u2019entreprise ou sur les lieux de l\u2019activit\u00e9 professionnelle ou sur le site des unit\u00e9s locatives.<\/p><div>\u00a0<\/div>\t\t\t\t\t\t\t\t<\/div>\n\t\t\t\t<\/div>\n\t\t\t\t<\/div>\n\t\t\t\t<\/div>\n\t\t","protected":false},"excerpt":{"rendered":"<p>Contr\u00f4le &amp; recouvrement \u00a0 Conform\u00e9ment \u00e0 l\u2019arr\u00eat\u00e9 minist\u00e9riel n\u00b0141\/CAB\/MINETAT\/MTEPS\/01\/2018 du 08 novembre 2018 portant organisation, affectation et fonctionnement du corps des contr\u00f4leurs, il est institu\u00e9 au sein de la CNSS [&hellip;]<\/p>\n","protected":false},"author":4,"featured_media":0,"parent":0,"menu_order":0,"comment_status":"closed","ping_status":"closed","template":"elementor_header_footer","meta":{"_kadence_starter_templates_imported_post":false,"jetpack_post_was_ever_published":false,"footnotes":""},"class_list":["post-1713","page","type-page","status-publish","hentry"],"yoast_head":"<!-- This site is optimized with the Yoast SEO plugin v27.4 - https:\/\/yoast.com\/product\/yoast-seo-wordpress\/ -->\n<title>Contr\u00f4le &amp; recouvrement - Caisse Nationale de S\u00e9curit\u00e9 Sociale<\/title>\n<meta name=\"robots\" content=\"index, follow, max-snippet:-1, max-image-preview:large, max-video-preview:-1\" \/>\n<link rel=\"canonical\" href=\"https:\/\/cnss.cd\/?page_id=1713\" \/>\n<meta property=\"og:locale\" content=\"fr_FR\" \/>\n<meta property=\"og:type\" content=\"article\" \/>\n<meta property=\"og:title\" content=\"Contr\u00f4le &amp; recouvrement - Caisse Nationale de S\u00e9curit\u00e9 Sociale\" \/>\n<meta property=\"og:description\" content=\"Contr\u00f4le &amp; recouvrement \u00a0 Conform\u00e9ment \u00e0 l\u2019arr\u00eat\u00e9 minist\u00e9riel n\u00b0141\/CAB\/MINETAT\/MTEPS\/01\/2018 du 08 novembre 2018 portant organisation, affectation et fonctionnement du corps des contr\u00f4leurs, il est institu\u00e9 au sein de la CNSS [&hellip;]\" \/>\n<meta property=\"og:url\" content=\"https:\/\/cnss.cd\/?page_id=1713\" \/>\n<meta property=\"og:site_name\" content=\"Caisse Nationale de S\u00e9curit\u00e9 Sociale\" \/>\n<meta property=\"article:modified_time\" content=\"2024-05-03T20:10:11+00:00\" \/>\n<meta name=\"twitter:card\" content=\"summary_large_image\" \/>\n<meta name=\"twitter:label1\" content=\"Dur\u00e9e de lecture estim\u00e9e\" \/>\n\t<meta name=\"twitter:data1\" content=\"2 minutes\" \/>\n<script type=\"application\/ld+json\" class=\"yoast-schema-graph\">{\"@context\":\"https:\\\/\\\/schema.org\",\"@graph\":[{\"@type\":\"WebPage\",\"@id\":\"https:\\\/\\\/cnss.cd\\\/?page_id=1713\",\"url\":\"https:\\\/\\\/cnss.cd\\\/?page_id=1713\",\"name\":\"Contr\u00f4le &amp; recouvrement - Caisse Nationale de S\u00e9curit\u00e9 Sociale\",\"isPartOf\":{\"@id\":\"https:\\\/\\\/cnss.cd\\\/#website\"},\"datePublished\":\"2024-04-11T08:56:53+00:00\",\"dateModified\":\"2024-05-03T20:10:11+00:00\",\"breadcrumb\":{\"@id\":\"https:\\\/\\\/cnss.cd\\\/?page_id=1713#breadcrumb\"},\"inLanguage\":\"fr-FR\",\"potentialAction\":[{\"@type\":\"ReadAction\",\"target\":[\"https:\\\/\\\/cnss.cd\\\/?page_id=1713\"]}]},{\"@type\":\"BreadcrumbList\",\"@id\":\"https:\\\/\\\/cnss.cd\\\/?page_id=1713#breadcrumb\",\"itemListElement\":[{\"@type\":\"ListItem\",\"position\":1,\"name\":\"Accueil\",\"item\":\"https:\\\/\\\/cnss.cd\\\/\"},{\"@type\":\"ListItem\",\"position\":2,\"name\":\"Contr\u00f4le &amp; recouvrement\"}]},{\"@type\":\"WebSite\",\"@id\":\"https:\\\/\\\/cnss.cd\\\/#website\",\"url\":\"https:\\\/\\\/cnss.cd\\\/\",\"name\":\"Caisse Nationale de S\u00e9curit\u00e9 Sociale\",\"description\":\"Une s\u00e9curit\u00e9 pour aujourd&#039;hui et demain\",\"publisher\":{\"@id\":\"https:\\\/\\\/cnss.cd\\\/#organization\"},\"potentialAction\":[{\"@type\":\"SearchAction\",\"target\":{\"@type\":\"EntryPoint\",\"urlTemplate\":\"https:\\\/\\\/cnss.cd\\\/?s={search_term_string}\"},\"query-input\":{\"@type\":\"PropertyValueSpecification\",\"valueRequired\":true,\"valueName\":\"search_term_string\"}}],\"inLanguage\":\"fr-FR\"},{\"@type\":\"Organization\",\"@id\":\"https:\\\/\\\/cnss.cd\\\/#organization\",\"name\":\"Caisse Nationale de S\u00e9curit\u00e9 Sociale\",\"url\":\"https:\\\/\\\/cnss.cd\\\/\",\"logo\":{\"@type\":\"ImageObject\",\"inLanguage\":\"fr-FR\",\"@id\":\"https:\\\/\\\/cnss.cd\\\/#\\\/schema\\\/logo\\\/image\\\/\",\"url\":\"https:\\\/\\\/cnss.cd\\\/wp-content\\\/uploads\\\/2025\\\/01\\\/LOGO-CNSSPDF_preview_rev_1.png\",\"contentUrl\":\"https:\\\/\\\/cnss.cd\\\/wp-content\\\/uploads\\\/2025\\\/01\\\/LOGO-CNSSPDF_preview_rev_1.png\",\"width\":634,\"height\":395,\"caption\":\"Caisse Nationale de S\u00e9curit\u00e9 Sociale\"},\"image\":{\"@id\":\"https:\\\/\\\/cnss.cd\\\/#\\\/schema\\\/logo\\\/image\\\/\"}}]}<\/script>\n<!-- \/ Yoast SEO plugin. -->","yoast_head_json":{"title":"Contr\u00f4le &amp; recouvrement - Caisse Nationale de S\u00e9curit\u00e9 Sociale","robots":{"index":"index","follow":"follow","max-snippet":"max-snippet:-1","max-image-preview":"max-image-preview:large","max-video-preview":"max-video-preview:-1"},"canonical":"https:\/\/cnss.cd\/?page_id=1713","og_locale":"fr_FR","og_type":"article","og_title":"Contr\u00f4le &amp; recouvrement - Caisse Nationale de S\u00e9curit\u00e9 Sociale","og_description":"Contr\u00f4le &amp; recouvrement \u00a0 Conform\u00e9ment \u00e0 l\u2019arr\u00eat\u00e9 minist\u00e9riel n\u00b0141\/CAB\/MINETAT\/MTEPS\/01\/2018 du 08 novembre 2018 portant organisation, affectation et fonctionnement du corps des contr\u00f4leurs, il est institu\u00e9 au sein de la CNSS [&hellip;]","og_url":"https:\/\/cnss.cd\/?page_id=1713","og_site_name":"Caisse Nationale de S\u00e9curit\u00e9 Sociale","article_modified_time":"2024-05-03T20:10:11+00:00","twitter_card":"summary_large_image","twitter_misc":{"Dur\u00e9e de lecture estim\u00e9e":"2 minutes"},"schema":{"@context":"https:\/\/schema.org","@graph":[{"@type":"WebPage","@id":"https:\/\/cnss.cd\/?page_id=1713","url":"https:\/\/cnss.cd\/?page_id=1713","name":"Contr\u00f4le &amp; recouvrement - Caisse Nationale de S\u00e9curit\u00e9 Sociale","isPartOf":{"@id":"https:\/\/cnss.cd\/#website"},"datePublished":"2024-04-11T08:56:53+00:00","dateModified":"2024-05-03T20:10:11+00:00","breadcrumb":{"@id":"https:\/\/cnss.cd\/?page_id=1713#breadcrumb"},"inLanguage":"fr-FR","potentialAction":[{"@type":"ReadAction","target":["https:\/\/cnss.cd\/?page_id=1713"]}]},{"@type":"BreadcrumbList","@id":"https:\/\/cnss.cd\/?page_id=1713#breadcrumb","itemListElement":[{"@type":"ListItem","position":1,"name":"Accueil","item":"https:\/\/cnss.cd\/"},{"@type":"ListItem","position":2,"name":"Contr\u00f4le &amp; recouvrement"}]},{"@type":"WebSite","@id":"https:\/\/cnss.cd\/#website","url":"https:\/\/cnss.cd\/","name":"Caisse Nationale de S\u00e9curit\u00e9 Sociale","description":"Une s\u00e9curit\u00e9 pour aujourd&#039;hui et demain","publisher":{"@id":"https:\/\/cnss.cd\/#organization"},"potentialAction":[{"@type":"SearchAction","target":{"@type":"EntryPoint","urlTemplate":"https:\/\/cnss.cd\/?s={search_term_string}"},"query-input":{"@type":"PropertyValueSpecification","valueRequired":true,"valueName":"search_term_string"}}],"inLanguage":"fr-FR"},{"@type":"Organization","@id":"https:\/\/cnss.cd\/#organization","name":"Caisse Nationale de S\u00e9curit\u00e9 Sociale","url":"https:\/\/cnss.cd\/","logo":{"@type":"ImageObject","inLanguage":"fr-FR","@id":"https:\/\/cnss.cd\/#\/schema\/logo\/image\/","url":"https:\/\/cnss.cd\/wp-content\/uploads\/2025\/01\/LOGO-CNSSPDF_preview_rev_1.png","contentUrl":"https:\/\/cnss.cd\/wp-content\/uploads\/2025\/01\/LOGO-CNSSPDF_preview_rev_1.png","width":634,"height":395,"caption":"Caisse Nationale de S\u00e9curit\u00e9 Sociale"},"image":{"@id":"https:\/\/cnss.cd\/#\/schema\/logo\/image\/"}}]}},"jetpack_sharing_enabled":true,"_links":{"self":[{"href":"https:\/\/cnss.cd\/index.php?rest_route=\/wp\/v2\/pages\/1713","targetHints":{"allow":["GET"]}}],"collection":[{"href":"https:\/\/cnss.cd\/index.php?rest_route=\/wp\/v2\/pages"}],"about":[{"href":"https:\/\/cnss.cd\/index.php?rest_route=\/wp\/v2\/types\/page"}],"author":[{"embeddable":true,"href":"https:\/\/cnss.cd\/index.php?rest_route=\/wp\/v2\/users\/4"}],"replies":[{"embeddable":true,"href":"https:\/\/cnss.cd\/index.php?rest_route=%2Fwp%2Fv2%2Fcomments&post=1713"}],"version-history":[{"count":10,"href":"https:\/\/cnss.cd\/index.php?rest_route=\/wp\/v2\/pages\/1713\/revisions"}],"predecessor-version":[{"id":2371,"href":"https:\/\/cnss.cd\/index.php?rest_route=\/wp\/v2\/pages\/1713\/revisions\/2371"}],"wp:attachment":[{"href":"https:\/\/cnss.cd\/index.php?rest_route=%2Fwp%2Fv2%2Fmedia&parent=1713"}],"curies":[{"name":"wp","href":"https:\/\/api.w.org\/{rel}","templated":true}]}}