{"id":1692,"date":"2024-04-11T10:28:03","date_gmt":"2024-04-11T08:28:03","guid":{"rendered":"https:\/\/cnss.cd\/?page_id=1692"},"modified":"2024-05-03T22:42:41","modified_gmt":"2024-05-03T20:42:41","slug":"procedure-daffiliation","status":"publish","type":"page","link":"https:\/\/cnss.cd\/?page_id=1692","title":{"rendered":"Proc\u00e9dure d&#8217;affiliation"},"content":{"rendered":"\t\t<div data-elementor-type=\"wp-page\" data-elementor-id=\"1692\" class=\"elementor elementor-1692\" data-elementor-post-type=\"page\">\n\t\t\t\t<div class=\"elementor-element elementor-element-2c7d66b e-con-full e-flex qodef-elementor-content-no e-con e-parent\" data-id=\"2c7d66b\" data-element_type=\"container\" data-e-type=\"container\">\n\t\t\t\t<div class=\"elementor-element elementor-element-2cb71ff elementor-widget elementor-widget-text-editor\" data-id=\"2cb71ff\" data-element_type=\"widget\" data-e-type=\"widget\" data-widget_type=\"text-editor.default\">\n\t\t\t\t<div class=\"elementor-widget-container\">\n\t\t\t\t\t\t\t\t\t<h3><u><span lang=\"FR\">Proc\u00e9dure d&#8217;affiliation<\/span><\/u><\/h3><p style=\"font-weight: 400;\">Un <strong>employeur<\/strong>, c\u2019est toute personne physique ou morale occupant \u00e0 son service <strong>un ou plusieurs travailleurs ou travailleurs assimil\u00e9s<\/strong> auxquels s\u2019applique la s\u00e9curit\u00e9 sociale.<\/p><p style=\"font-weight: 400;\">Tout employeur cr\u00e9ateur d\u2019entreprise est tenu d\u2019adresser au<strong> Guichet unique de cr\u00e9ation d\u2019entreprise<\/strong> une demande suivant le \u00ab<strong> formulaire unique<\/strong> \u00bb d\u2019affiliation des employeurs.<\/p><p style=\"font-weight: 400;\">Pour les autres cat\u00e9gories d\u2019employeurs qui ne d\u00e9pendent pas du guichet unique, ils sont tenus d\u2019adresser une demande suivant le formulaire<strong> Mod\u00e8le AE<\/strong>, en abr\u00e9g\u00e9 <strong>Mod.AE<\/strong>, \u00e0 la repr\u00e9sentation de la Caisse Nationale de S\u00e9curit\u00e9 Sociale, CNSS, territorialement comp\u00e9tente dans les huit jours qui suivent, soit l\u2019ouverture ou l\u2019acquisition de l\u2019entreprise, soit le premier embauchage d\u2019un salari\u00e9 lorsque cette embauche n\u2019est pas concordant au d\u00e9but de l\u2019activit\u00e9.<\/p><p style=\"font-weight: 400;\">Lorsque l\u2019employeur occupe les travailleurs dans un ou plusieurs si\u00e8ges d\u2019exploitation, il doit \u00e9tablir<strong> une seule demande d\u2019affiliation<\/strong> pour l\u2019ensemble de ces si\u00e8ges.<\/p><p style=\"font-weight: 400;\">D\u00e8s r\u00e9ception de la demande du formulaire unique ou du formulaire <strong>Mod.AE<\/strong>, la Caisse d\u00e9livre \u00e0 l\u2019employeur, end\u00e9ans <strong>trois jours<\/strong>, un certificat contenant un num\u00e9ro d\u2019affiliation. Ce num\u00e9ro doit \u00eatre reproduit sur toutes les correspondances et sur tous les documents adress\u00e9s \u00e0 la Caisse.<\/p><div>\u00a0<\/div>\t\t\t\t\t\t\t\t<\/div>\n\t\t\t\t<\/div>\n\t\t\t\t<\/div>\n\t\t\t\t<\/div>\n\t\t","protected":false},"excerpt":{"rendered":"<p>Proc\u00e9dure d&#8217;affiliation Un employeur, c\u2019est toute personne physique ou morale occupant \u00e0 son service un ou plusieurs travailleurs ou travailleurs assimil\u00e9s auxquels s\u2019applique la s\u00e9curit\u00e9 sociale. Tout employeur cr\u00e9ateur d\u2019entreprise [&hellip;]<\/p>\n","protected":false},"author":4,"featured_media":0,"parent":0,"menu_order":0,"comment_status":"closed","ping_status":"closed","template":"elementor_header_footer","meta":{"_kadence_starter_templates_imported_post":false,"jetpack_post_was_ever_published":false,"footnotes":""},"class_list":["post-1692","page","type-page","status-publish","hentry"],"yoast_head":"<!-- This site is optimized with the Yoast SEO plugin v27.4 - https:\/\/yoast.com\/product\/yoast-seo-wordpress\/ -->\n<title>Proc\u00e9dure d&#039;affiliation - Caisse Nationale de S\u00e9curit\u00e9 Sociale<\/title>\n<meta name=\"robots\" content=\"index, follow, max-snippet:-1, max-image-preview:large, max-video-preview:-1\" \/>\n<link rel=\"canonical\" href=\"https:\/\/cnss.cd\/?page_id=1692\" \/>\n<meta property=\"og:locale\" content=\"fr_FR\" \/>\n<meta property=\"og:type\" content=\"article\" \/>\n<meta property=\"og:title\" content=\"Proc\u00e9dure d&#039;affiliation - Caisse Nationale de S\u00e9curit\u00e9 Sociale\" \/>\n<meta property=\"og:description\" content=\"Proc\u00e9dure d&#8217;affiliation Un employeur, c\u2019est toute personne physique ou morale occupant \u00e0 son service un ou plusieurs travailleurs ou travailleurs assimil\u00e9s auxquels s\u2019applique la s\u00e9curit\u00e9 sociale. Tout employeur cr\u00e9ateur d\u2019entreprise [&hellip;]\" \/>\n<meta property=\"og:url\" content=\"https:\/\/cnss.cd\/?page_id=1692\" \/>\n<meta property=\"og:site_name\" content=\"Caisse Nationale de S\u00e9curit\u00e9 Sociale\" \/>\n<meta property=\"article:modified_time\" content=\"2024-05-03T20:42:41+00:00\" \/>\n<meta name=\"twitter:card\" content=\"summary_large_image\" \/>\n<meta name=\"twitter:label1\" content=\"Dur\u00e9e de lecture estim\u00e9e\" \/>\n\t<meta name=\"twitter:data1\" content=\"1 minute\" \/>\n<script type=\"application\/ld+json\" class=\"yoast-schema-graph\">{\"@context\":\"https:\\\/\\\/schema.org\",\"@graph\":[{\"@type\":\"WebPage\",\"@id\":\"https:\\\/\\\/cnss.cd\\\/?page_id=1692\",\"url\":\"https:\\\/\\\/cnss.cd\\\/?page_id=1692\",\"name\":\"Proc\u00e9dure d'affiliation - Caisse Nationale de S\u00e9curit\u00e9 Sociale\",\"isPartOf\":{\"@id\":\"https:\\\/\\\/cnss.cd\\\/#website\"},\"datePublished\":\"2024-04-11T08:28:03+00:00\",\"dateModified\":\"2024-05-03T20:42:41+00:00\",\"breadcrumb\":{\"@id\":\"https:\\\/\\\/cnss.cd\\\/?page_id=1692#breadcrumb\"},\"inLanguage\":\"fr-FR\",\"potentialAction\":[{\"@type\":\"ReadAction\",\"target\":[\"https:\\\/\\\/cnss.cd\\\/?page_id=1692\"]}]},{\"@type\":\"BreadcrumbList\",\"@id\":\"https:\\\/\\\/cnss.cd\\\/?page_id=1692#breadcrumb\",\"itemListElement\":[{\"@type\":\"ListItem\",\"position\":1,\"name\":\"Accueil\",\"item\":\"https:\\\/\\\/cnss.cd\\\/\"},{\"@type\":\"ListItem\",\"position\":2,\"name\":\"Proc\u00e9dure d&#8217;affiliation\"}]},{\"@type\":\"WebSite\",\"@id\":\"https:\\\/\\\/cnss.cd\\\/#website\",\"url\":\"https:\\\/\\\/cnss.cd\\\/\",\"name\":\"Caisse Nationale de S\u00e9curit\u00e9 Sociale\",\"description\":\"Une s\u00e9curit\u00e9 pour aujourd&#039;hui et demain\",\"publisher\":{\"@id\":\"https:\\\/\\\/cnss.cd\\\/#organization\"},\"potentialAction\":[{\"@type\":\"SearchAction\",\"target\":{\"@type\":\"EntryPoint\",\"urlTemplate\":\"https:\\\/\\\/cnss.cd\\\/?s={search_term_string}\"},\"query-input\":{\"@type\":\"PropertyValueSpecification\",\"valueRequired\":true,\"valueName\":\"search_term_string\"}}],\"inLanguage\":\"fr-FR\"},{\"@type\":\"Organization\",\"@id\":\"https:\\\/\\\/cnss.cd\\\/#organization\",\"name\":\"Caisse Nationale de S\u00e9curit\u00e9 Sociale\",\"url\":\"https:\\\/\\\/cnss.cd\\\/\",\"logo\":{\"@type\":\"ImageObject\",\"inLanguage\":\"fr-FR\",\"@id\":\"https:\\\/\\\/cnss.cd\\\/#\\\/schema\\\/logo\\\/image\\\/\",\"url\":\"https:\\\/\\\/cnss.cd\\\/wp-content\\\/uploads\\\/2025\\\/01\\\/LOGO-CNSSPDF_preview_rev_1.png\",\"contentUrl\":\"https:\\\/\\\/cnss.cd\\\/wp-content\\\/uploads\\\/2025\\\/01\\\/LOGO-CNSSPDF_preview_rev_1.png\",\"width\":634,\"height\":395,\"caption\":\"Caisse Nationale de S\u00e9curit\u00e9 Sociale\"},\"image\":{\"@id\":\"https:\\\/\\\/cnss.cd\\\/#\\\/schema\\\/logo\\\/image\\\/\"}}]}<\/script>\n<!-- \/ Yoast SEO plugin. -->","yoast_head_json":{"title":"Proc\u00e9dure d'affiliation - Caisse Nationale de S\u00e9curit\u00e9 Sociale","robots":{"index":"index","follow":"follow","max-snippet":"max-snippet:-1","max-image-preview":"max-image-preview:large","max-video-preview":"max-video-preview:-1"},"canonical":"https:\/\/cnss.cd\/?page_id=1692","og_locale":"fr_FR","og_type":"article","og_title":"Proc\u00e9dure d'affiliation - Caisse Nationale de S\u00e9curit\u00e9 Sociale","og_description":"Proc\u00e9dure d&#8217;affiliation Un employeur, c\u2019est toute personne physique ou morale occupant \u00e0 son service un ou plusieurs travailleurs ou travailleurs assimil\u00e9s auxquels s\u2019applique la s\u00e9curit\u00e9 sociale. Tout employeur cr\u00e9ateur d\u2019entreprise [&hellip;]","og_url":"https:\/\/cnss.cd\/?page_id=1692","og_site_name":"Caisse Nationale de S\u00e9curit\u00e9 Sociale","article_modified_time":"2024-05-03T20:42:41+00:00","twitter_card":"summary_large_image","twitter_misc":{"Dur\u00e9e de lecture estim\u00e9e":"1 minute"},"schema":{"@context":"https:\/\/schema.org","@graph":[{"@type":"WebPage","@id":"https:\/\/cnss.cd\/?page_id=1692","url":"https:\/\/cnss.cd\/?page_id=1692","name":"Proc\u00e9dure d'affiliation - Caisse Nationale de S\u00e9curit\u00e9 Sociale","isPartOf":{"@id":"https:\/\/cnss.cd\/#website"},"datePublished":"2024-04-11T08:28:03+00:00","dateModified":"2024-05-03T20:42:41+00:00","breadcrumb":{"@id":"https:\/\/cnss.cd\/?page_id=1692#breadcrumb"},"inLanguage":"fr-FR","potentialAction":[{"@type":"ReadAction","target":["https:\/\/cnss.cd\/?page_id=1692"]}]},{"@type":"BreadcrumbList","@id":"https:\/\/cnss.cd\/?page_id=1692#breadcrumb","itemListElement":[{"@type":"ListItem","position":1,"name":"Accueil","item":"https:\/\/cnss.cd\/"},{"@type":"ListItem","position":2,"name":"Proc\u00e9dure d&#8217;affiliation"}]},{"@type":"WebSite","@id":"https:\/\/cnss.cd\/#website","url":"https:\/\/cnss.cd\/","name":"Caisse Nationale de S\u00e9curit\u00e9 Sociale","description":"Une s\u00e9curit\u00e9 pour aujourd&#039;hui et demain","publisher":{"@id":"https:\/\/cnss.cd\/#organization"},"potentialAction":[{"@type":"SearchAction","target":{"@type":"EntryPoint","urlTemplate":"https:\/\/cnss.cd\/?s={search_term_string}"},"query-input":{"@type":"PropertyValueSpecification","valueRequired":true,"valueName":"search_term_string"}}],"inLanguage":"fr-FR"},{"@type":"Organization","@id":"https:\/\/cnss.cd\/#organization","name":"Caisse Nationale de S\u00e9curit\u00e9 Sociale","url":"https:\/\/cnss.cd\/","logo":{"@type":"ImageObject","inLanguage":"fr-FR","@id":"https:\/\/cnss.cd\/#\/schema\/logo\/image\/","url":"https:\/\/cnss.cd\/wp-content\/uploads\/2025\/01\/LOGO-CNSSPDF_preview_rev_1.png","contentUrl":"https:\/\/cnss.cd\/wp-content\/uploads\/2025\/01\/LOGO-CNSSPDF_preview_rev_1.png","width":634,"height":395,"caption":"Caisse Nationale de S\u00e9curit\u00e9 Sociale"},"image":{"@id":"https:\/\/cnss.cd\/#\/schema\/logo\/image\/"}}]}},"jetpack_sharing_enabled":true,"_links":{"self":[{"href":"https:\/\/cnss.cd\/index.php?rest_route=\/wp\/v2\/pages\/1692","targetHints":{"allow":["GET"]}}],"collection":[{"href":"https:\/\/cnss.cd\/index.php?rest_route=\/wp\/v2\/pages"}],"about":[{"href":"https:\/\/cnss.cd\/index.php?rest_route=\/wp\/v2\/types\/page"}],"author":[{"embeddable":true,"href":"https:\/\/cnss.cd\/index.php?rest_route=\/wp\/v2\/users\/4"}],"replies":[{"embeddable":true,"href":"https:\/\/cnss.cd\/index.php?rest_route=%2Fwp%2Fv2%2Fcomments&post=1692"}],"version-history":[{"count":10,"href":"https:\/\/cnss.cd\/index.php?rest_route=\/wp\/v2\/pages\/1692\/revisions"}],"predecessor-version":[{"id":2404,"href":"https:\/\/cnss.cd\/index.php?rest_route=\/wp\/v2\/pages\/1692\/revisions\/2404"}],"wp:attachment":[{"href":"https:\/\/cnss.cd\/index.php?rest_route=%2Fwp%2Fv2%2Fmedia&parent=1692"}],"curies":[{"name":"wp","href":"https:\/\/api.w.org\/{rel}","templated":true}]}}