{"id":1654,"date":"2024-04-11T08:56:09","date_gmt":"2024-04-11T06:56:09","guid":{"rendered":"https:\/\/cnss.cd\/?page_id=1654"},"modified":"2024-05-03T22:08:28","modified_gmt":"2024-05-03T20:08:28","slug":"action-sanitaire-et-sociale","status":"publish","type":"page","link":"https:\/\/cnss.cd\/?page_id=1654","title":{"rendered":"Action Sanitaire et Sociale"},"content":{"rendered":"\t\t<div data-elementor-type=\"wp-page\" data-elementor-id=\"1654\" class=\"elementor elementor-1654\" data-elementor-post-type=\"page\">\n\t\t\t\t<div class=\"elementor-element elementor-element-7e52415 e-con-full e-flex qodef-elementor-content-no e-con e-parent\" data-id=\"7e52415\" data-element_type=\"container\" data-e-type=\"container\">\n\t\t\t\t<div class=\"elementor-element elementor-element-fd11dc0 elementor-widget elementor-widget-text-editor\" data-id=\"fd11dc0\" data-element_type=\"widget\" data-e-type=\"widget\" data-widget_type=\"text-editor.default\">\n\t\t\t\t<div class=\"elementor-widget-container\">\n\t\t\t\t\t\t\t\t\t<div><h3><b><u><span lang=\"FR\">Action Sanitaire et Sociale<\/span><\/u><\/b><\/h3><p>\u00a0<\/p><p style=\"font-weight: 400;\"><strong>Quelles sont les prestations qui peuvent \u00eatre servies au titre de l\u2019ASS\u00a0?<\/strong><\/p><ul><li>Action de pr\u00e9vention g\u00e9n\u00e9rale, de pr\u00e9vention des accidents du travail et des maladies professionnelles et de r\u00e9adaptation des invalides\u00a0;<\/li><li>Cr\u00e9ation des centres d\u2019action sanitaire et sociale en vue notamment de la protection maternelle et infantile, de la lutte contre les end\u00e9mies, de la diffusion de l\u2019hygi\u00e8ne et du service des soins\u00a0;<\/li><li>Aide financi\u00e8re ou participation \u00e0 des institutions publiques ou priv\u00e9es agissant dans les domaines sanitaire et social \u00e0 l\u2019int\u00e9r\u00eat des assur\u00e9s et des b\u00e9n\u00e9ficiaires des prestations de s\u00e9curit\u00e9 sociale\u00a0;<\/li><li>Appui aux services charg\u00e9s de l\u2019enseignement, de l\u2019information et de la documentation sur la s\u00e9curit\u00e9 sociale\u00a0;<\/li><li>Aide \u00e0 la construction et \u00e0 l\u2019am\u00e9lioration de l\u2019habitat, s\u2019il \u00e9chet, en faveur des familles des assur\u00e9s.<\/li><\/ul><p style=\"font-weight: 400;\"><em>D\u00e8s lors que vous \u00eates un assur\u00e9 au r\u00e9gime g\u00e9n\u00e9ral de s\u00e9curit\u00e9 sociale, tous les avantages dus aux assur\u00e9s au titre de l\u2019ASS, vous sont octroy\u00e9s. Soulignons que les prestations d\u2019action sanitaire et sociale sont financ\u00e9es par un fonds provenant d\u2019une quotit\u00e9 sur l\u2019ensemble des recettes ainsi que de subventions, dons et legs de toute nature.<\/em><\/p><\/div><div>\u00a0<\/div><div>\u00a0<\/div>\t\t\t\t\t\t\t\t<\/div>\n\t\t\t\t<\/div>\n\t\t\t\t<\/div>\n\t\t\t\t<\/div>\n\t\t","protected":false},"excerpt":{"rendered":"<p>Action Sanitaire et Sociale \u00a0 Quelles sont les prestations qui peuvent \u00eatre servies au titre de l\u2019ASS\u00a0? Action de pr\u00e9vention g\u00e9n\u00e9rale, de pr\u00e9vention des accidents du travail et des maladies [&hellip;]<\/p>\n","protected":false},"author":4,"featured_media":0,"parent":0,"menu_order":0,"comment_status":"closed","ping_status":"closed","template":"elementor_header_footer","meta":{"_kadence_starter_templates_imported_post":false,"jetpack_post_was_ever_published":false,"footnotes":""},"class_list":["post-1654","page","type-page","status-publish","hentry"],"yoast_head":"<!-- This site is optimized with the Yoast SEO plugin v27.5 - https:\/\/yoast.com\/product\/yoast-seo-wordpress\/ -->\n<title>Action Sanitaire et Sociale - Caisse Nationale de S\u00e9curit\u00e9 Sociale<\/title>\n<meta name=\"robots\" content=\"index, follow, max-snippet:-1, max-image-preview:large, max-video-preview:-1\" \/>\n<link rel=\"canonical\" href=\"https:\/\/cnss.cd\/?page_id=1654\" \/>\n<meta property=\"og:locale\" content=\"fr_FR\" \/>\n<meta property=\"og:type\" content=\"article\" \/>\n<meta property=\"og:title\" content=\"Action Sanitaire et Sociale - Caisse Nationale de S\u00e9curit\u00e9 Sociale\" \/>\n<meta property=\"og:description\" content=\"Action Sanitaire et Sociale \u00a0 Quelles sont les prestations qui peuvent \u00eatre servies au titre de l\u2019ASS\u00a0? Action de pr\u00e9vention g\u00e9n\u00e9rale, de pr\u00e9vention des accidents du travail et des maladies [&hellip;]\" \/>\n<meta property=\"og:url\" content=\"https:\/\/cnss.cd\/?page_id=1654\" \/>\n<meta property=\"og:site_name\" content=\"Caisse Nationale de S\u00e9curit\u00e9 Sociale\" \/>\n<meta property=\"article:modified_time\" content=\"2024-05-03T20:08:28+00:00\" \/>\n<meta name=\"twitter:card\" content=\"summary_large_image\" \/>\n<meta name=\"twitter:label1\" content=\"Dur\u00e9e de lecture estim\u00e9e\" \/>\n\t<meta name=\"twitter:data1\" content=\"1 minute\" \/>\n<script type=\"application\/ld+json\" class=\"yoast-schema-graph\">{\"@context\":\"https:\\\/\\\/schema.org\",\"@graph\":[{\"@type\":\"WebPage\",\"@id\":\"https:\\\/\\\/cnss.cd\\\/?page_id=1654\",\"url\":\"https:\\\/\\\/cnss.cd\\\/?page_id=1654\",\"name\":\"Action Sanitaire et Sociale - Caisse Nationale de S\u00e9curit\u00e9 Sociale\",\"isPartOf\":{\"@id\":\"https:\\\/\\\/cnss.cd\\\/#website\"},\"datePublished\":\"2024-04-11T06:56:09+00:00\",\"dateModified\":\"2024-05-03T20:08:28+00:00\",\"breadcrumb\":{\"@id\":\"https:\\\/\\\/cnss.cd\\\/?page_id=1654#breadcrumb\"},\"inLanguage\":\"fr-FR\",\"potentialAction\":[{\"@type\":\"ReadAction\",\"target\":[\"https:\\\/\\\/cnss.cd\\\/?page_id=1654\"]}]},{\"@type\":\"BreadcrumbList\",\"@id\":\"https:\\\/\\\/cnss.cd\\\/?page_id=1654#breadcrumb\",\"itemListElement\":[{\"@type\":\"ListItem\",\"position\":1,\"name\":\"Accueil\",\"item\":\"https:\\\/\\\/cnss.cd\\\/\"},{\"@type\":\"ListItem\",\"position\":2,\"name\":\"Action Sanitaire et Sociale\"}]},{\"@type\":\"WebSite\",\"@id\":\"https:\\\/\\\/cnss.cd\\\/#website\",\"url\":\"https:\\\/\\\/cnss.cd\\\/\",\"name\":\"Caisse Nationale de S\u00e9curit\u00e9 Sociale\",\"description\":\"Une s\u00e9curit\u00e9 pour aujourd&#039;hui et demain\",\"publisher\":{\"@id\":\"https:\\\/\\\/cnss.cd\\\/#organization\"},\"potentialAction\":[{\"@type\":\"SearchAction\",\"target\":{\"@type\":\"EntryPoint\",\"urlTemplate\":\"https:\\\/\\\/cnss.cd\\\/?s={search_term_string}\"},\"query-input\":{\"@type\":\"PropertyValueSpecification\",\"valueRequired\":true,\"valueName\":\"search_term_string\"}}],\"inLanguage\":\"fr-FR\"},{\"@type\":\"Organization\",\"@id\":\"https:\\\/\\\/cnss.cd\\\/#organization\",\"name\":\"Caisse Nationale de S\u00e9curit\u00e9 Sociale\",\"url\":\"https:\\\/\\\/cnss.cd\\\/\",\"logo\":{\"@type\":\"ImageObject\",\"inLanguage\":\"fr-FR\",\"@id\":\"https:\\\/\\\/cnss.cd\\\/#\\\/schema\\\/logo\\\/image\\\/\",\"url\":\"https:\\\/\\\/cnss.cd\\\/wp-content\\\/uploads\\\/2025\\\/01\\\/LOGO-CNSSPDF_preview_rev_1.png\",\"contentUrl\":\"https:\\\/\\\/cnss.cd\\\/wp-content\\\/uploads\\\/2025\\\/01\\\/LOGO-CNSSPDF_preview_rev_1.png\",\"width\":634,\"height\":395,\"caption\":\"Caisse Nationale de S\u00e9curit\u00e9 Sociale\"},\"image\":{\"@id\":\"https:\\\/\\\/cnss.cd\\\/#\\\/schema\\\/logo\\\/image\\\/\"}}]}<\/script>\n<!-- \/ Yoast SEO plugin. -->","yoast_head_json":{"title":"Action Sanitaire et Sociale - Caisse Nationale de S\u00e9curit\u00e9 Sociale","robots":{"index":"index","follow":"follow","max-snippet":"max-snippet:-1","max-image-preview":"max-image-preview:large","max-video-preview":"max-video-preview:-1"},"canonical":"https:\/\/cnss.cd\/?page_id=1654","og_locale":"fr_FR","og_type":"article","og_title":"Action Sanitaire et Sociale - Caisse Nationale de S\u00e9curit\u00e9 Sociale","og_description":"Action Sanitaire et Sociale \u00a0 Quelles sont les prestations qui peuvent \u00eatre servies au titre de l\u2019ASS\u00a0? Action de pr\u00e9vention g\u00e9n\u00e9rale, de pr\u00e9vention des accidents du travail et des maladies [&hellip;]","og_url":"https:\/\/cnss.cd\/?page_id=1654","og_site_name":"Caisse Nationale de S\u00e9curit\u00e9 Sociale","article_modified_time":"2024-05-03T20:08:28+00:00","twitter_card":"summary_large_image","twitter_misc":{"Dur\u00e9e de lecture estim\u00e9e":"1 minute"},"schema":{"@context":"https:\/\/schema.org","@graph":[{"@type":"WebPage","@id":"https:\/\/cnss.cd\/?page_id=1654","url":"https:\/\/cnss.cd\/?page_id=1654","name":"Action Sanitaire et Sociale - Caisse Nationale de S\u00e9curit\u00e9 Sociale","isPartOf":{"@id":"https:\/\/cnss.cd\/#website"},"datePublished":"2024-04-11T06:56:09+00:00","dateModified":"2024-05-03T20:08:28+00:00","breadcrumb":{"@id":"https:\/\/cnss.cd\/?page_id=1654#breadcrumb"},"inLanguage":"fr-FR","potentialAction":[{"@type":"ReadAction","target":["https:\/\/cnss.cd\/?page_id=1654"]}]},{"@type":"BreadcrumbList","@id":"https:\/\/cnss.cd\/?page_id=1654#breadcrumb","itemListElement":[{"@type":"ListItem","position":1,"name":"Accueil","item":"https:\/\/cnss.cd\/"},{"@type":"ListItem","position":2,"name":"Action Sanitaire et Sociale"}]},{"@type":"WebSite","@id":"https:\/\/cnss.cd\/#website","url":"https:\/\/cnss.cd\/","name":"Caisse Nationale de S\u00e9curit\u00e9 Sociale","description":"Une s\u00e9curit\u00e9 pour aujourd&#039;hui et demain","publisher":{"@id":"https:\/\/cnss.cd\/#organization"},"potentialAction":[{"@type":"SearchAction","target":{"@type":"EntryPoint","urlTemplate":"https:\/\/cnss.cd\/?s={search_term_string}"},"query-input":{"@type":"PropertyValueSpecification","valueRequired":true,"valueName":"search_term_string"}}],"inLanguage":"fr-FR"},{"@type":"Organization","@id":"https:\/\/cnss.cd\/#organization","name":"Caisse Nationale de S\u00e9curit\u00e9 Sociale","url":"https:\/\/cnss.cd\/","logo":{"@type":"ImageObject","inLanguage":"fr-FR","@id":"https:\/\/cnss.cd\/#\/schema\/logo\/image\/","url":"https:\/\/cnss.cd\/wp-content\/uploads\/2025\/01\/LOGO-CNSSPDF_preview_rev_1.png","contentUrl":"https:\/\/cnss.cd\/wp-content\/uploads\/2025\/01\/LOGO-CNSSPDF_preview_rev_1.png","width":634,"height":395,"caption":"Caisse Nationale de S\u00e9curit\u00e9 Sociale"},"image":{"@id":"https:\/\/cnss.cd\/#\/schema\/logo\/image\/"}}]}},"jetpack_sharing_enabled":true,"_links":{"self":[{"href":"https:\/\/cnss.cd\/index.php?rest_route=\/wp\/v2\/pages\/1654","targetHints":{"allow":["GET"]}}],"collection":[{"href":"https:\/\/cnss.cd\/index.php?rest_route=\/wp\/v2\/pages"}],"about":[{"href":"https:\/\/cnss.cd\/index.php?rest_route=\/wp\/v2\/types\/page"}],"author":[{"embeddable":true,"href":"https:\/\/cnss.cd\/index.php?rest_route=\/wp\/v2\/users\/4"}],"replies":[{"embeddable":true,"href":"https:\/\/cnss.cd\/index.php?rest_route=%2Fwp%2Fv2%2Fcomments&post=1654"}],"version-history":[{"count":13,"href":"https:\/\/cnss.cd\/index.php?rest_route=\/wp\/v2\/pages\/1654\/revisions"}],"predecessor-version":[{"id":2368,"href":"https:\/\/cnss.cd\/index.php?rest_route=\/wp\/v2\/pages\/1654\/revisions\/2368"}],"wp:attachment":[{"href":"https:\/\/cnss.cd\/index.php?rest_route=%2Fwp%2Fv2%2Fmedia&parent=1654"}],"curies":[{"name":"wp","href":"https:\/\/api.w.org\/{rel}","templated":true}]}}