{"id":1642,"date":"2024-04-11T08:23:45","date_gmt":"2024-04-11T06:23:45","guid":{"rendered":"https:\/\/cnss.cd\/?page_id=1642"},"modified":"2024-04-26T07:01:25","modified_gmt":"2024-04-26T05:01:25","slug":"organisations-partenaires","status":"publish","type":"page","link":"https:\/\/cnss.cd\/?page_id=1642","title":{"rendered":"Organisations partenaires"},"content":{"rendered":"\t\t<div data-elementor-type=\"wp-page\" data-elementor-id=\"1642\" class=\"elementor elementor-1642\" data-elementor-post-type=\"page\">\n\t\t\t\t<div class=\"elementor-element elementor-element-bfbfd58 e-con-full e-flex qodef-elementor-content-no e-con e-parent\" data-id=\"bfbfd58\" data-element_type=\"container\" data-e-type=\"container\">\n\t\t\t\t<div class=\"elementor-element elementor-element-64acf38 elementor-widget elementor-widget-text-editor\" data-id=\"64acf38\" data-element_type=\"widget\" data-e-type=\"widget\" data-widget_type=\"text-editor.default\">\n\t\t\t\t<div class=\"elementor-widget-container\">\n\t\t\t\t\t\t\t\t\t<h3><b><u><span lang=\"FR\">Organisations partenaires<\/span><\/u><\/b><\/h3><p>\u00a0<\/p><p style=\"font-weight: 400;\">\u00a0<\/p><table style=\"font-weight: 400;\"><tbody><tr><td width=\"312\"><p><strong>Nom de l\u2019organisation<\/strong><\/p><\/td><td width=\"621\"><p><strong>Description<\/strong><\/p><\/td><\/tr><tr><td width=\"312\"><p><a href=\"http:\/\/www.lacipres.org\/\"><em>Conf\u00e9rence Interafricaine De La Pr\u00e9voyance Sociale (C.I.PRE.S)<\/em><\/a><\/p><\/td><td width=\"621\"><p>La CIPRES est un organe d\u2019appui technique aux Caisses africaines de s\u00e9curit\u00e9 sociale. Cr\u00e9\u00e9e en 1993, elle compte aujourd\u2019hui 15 Etats membres pour 19 organismes de pr\u00e9voyance sociale (OPS) affili\u00e9s.<\/p><\/td><\/tr><tr><td width=\"312\"><p><a href=\"https:\/\/ww1.issa.int\/fr\"><em>Association Internationale De S\u00e9curit\u00e9 Sociale (A.I.S.S)<\/em><\/a><\/p><\/td><td width=\"621\"><p>L\u2019Association internationale de la s\u00e9curit\u00e9 sociale (AISS) est la principale organisation internationale \u00e0 l\u2019intention des institutions, minist\u00e8res et agences publiques en charge de la s\u00e9curit\u00e9 sociale.<\/p><\/td><\/tr><tr><td width=\"312\"><p><a href=\"https:\/\/www.fec-rdc.com\/\"><em>F\u00e9d\u00e9ration Des Entreprises Du Congo (F.E.C)<\/em><\/a><\/p><\/td><td width=\"621\"><p>La\u00a0F\u00e9d\u00e9ration des entreprises du Congo\u00a0(FEC) constitue \u00e0 la fois la\u00a0<a href=\"https:\/\/fr.wikipedia.org\/wiki\/Chambre_de_commerce_et_d%27industrie\"><em>Chambre De Commerce Et D\u2019industrie<\/em><\/a>\u00a0et la principale\u00a0<a href=\"https:\/\/fr.wikipedia.org\/wiki\/Organisation_patronale\"><em>Organisation Patronale<\/em><\/a>\u00a0de la\u00a0<a href=\"https:\/\/fr.wikipedia.org\/wiki\/R%C3%A9publique_d%C3%A9mocratique_du_Congo\"><em>R\u00e9publique D\u00e9mocratique Du Congo<\/em><\/a><\/p><\/td><\/tr><tr><td width=\"312\"><p><a href=\"https:\/\/www.ilo.org\/global\/lang--fr\/index.htm\"><em>Organisation International du Travail (OIT)<\/em><\/a><\/p><\/td><td width=\"621\"><p>L\u2019OIT a pour vocation de promouvoir la justice sociale, les droits de l&rsquo;homme et les droits au travail reconnus internationalement, poursuivant sa mission fondatrice: \u0153uvrer pour la justice sociale qui est indispensable \u00e0 une paix durable et universelle.<\/p><\/td><\/tr><tr><td width=\"312\"><p><em>Association Nationale des Etablissements Publics (ANEP) <\/em><\/p><\/td><td width=\"621\"><p>\u00a0<\/p><\/td><\/tr><\/tbody><\/table><p style=\"font-weight: 400;\">\u00a0<\/p><div>\u00a0<\/div><div>\u00a0<\/div>\t\t\t\t\t\t\t\t<\/div>\n\t\t\t\t<\/div>\n\t\t\t\t<\/div>\n\t\t\t\t<\/div>\n\t\t","protected":false},"excerpt":{"rendered":"<p>Organisations partenaires \u00a0 \u00a0 Nom de l\u2019organisation Description Conf\u00e9rence Interafricaine De La Pr\u00e9voyance Sociale (C.I.PRE.S) La CIPRES est un organe d\u2019appui technique aux Caisses africaines de s\u00e9curit\u00e9 sociale. Cr\u00e9\u00e9e en [&hellip;]<\/p>\n","protected":false},"author":4,"featured_media":0,"parent":0,"menu_order":0,"comment_status":"closed","ping_status":"closed","template":"elementor_header_footer","meta":{"_kadence_starter_templates_imported_post":false,"footnotes":""},"class_list":["post-1642","page","type-page","status-publish","hentry"],"yoast_head":"<!-- This site is optimized with the Yoast SEO plugin v27.6 - https:\/\/yoast.com\/product\/yoast-seo-wordpress\/ -->\n<title>Organisations partenaires - Caisse Nationale de S\u00e9curit\u00e9 Sociale<\/title>\n<meta name=\"robots\" content=\"index, follow, max-snippet:-1, max-image-preview:large, max-video-preview:-1\" \/>\n<link rel=\"canonical\" href=\"https:\/\/cnss.cd\/?page_id=1642\" \/>\n<meta property=\"og:locale\" content=\"fr_FR\" \/>\n<meta property=\"og:type\" content=\"article\" \/>\n<meta property=\"og:title\" content=\"Organisations partenaires - Caisse Nationale de S\u00e9curit\u00e9 Sociale\" \/>\n<meta property=\"og:description\" content=\"Organisations partenaires \u00a0 \u00a0 Nom de l\u2019organisation Description Conf\u00e9rence Interafricaine De La Pr\u00e9voyance Sociale (C.I.PRE.S) La CIPRES est un organe d\u2019appui technique aux Caisses africaines de s\u00e9curit\u00e9 sociale. Cr\u00e9\u00e9e en [&hellip;]\" \/>\n<meta property=\"og:url\" content=\"https:\/\/cnss.cd\/?page_id=1642\" \/>\n<meta property=\"og:site_name\" content=\"Caisse Nationale de S\u00e9curit\u00e9 Sociale\" \/>\n<meta property=\"article:modified_time\" content=\"2024-04-26T05:01:25+00:00\" \/>\n<meta name=\"twitter:card\" content=\"summary_large_image\" \/>\n<meta name=\"twitter:label1\" content=\"Dur\u00e9e de lecture estim\u00e9e\" \/>\n\t<meta name=\"twitter:data1\" content=\"1 minute\" \/>\n<script type=\"application\/ld+json\" class=\"yoast-schema-graph\">{\"@context\":\"https:\\\/\\\/schema.org\",\"@graph\":[{\"@type\":\"WebPage\",\"@id\":\"https:\\\/\\\/cnss.cd\\\/?page_id=1642\",\"url\":\"https:\\\/\\\/cnss.cd\\\/?page_id=1642\",\"name\":\"Organisations partenaires - Caisse Nationale de S\u00e9curit\u00e9 Sociale\",\"isPartOf\":{\"@id\":\"https:\\\/\\\/cnss.cd\\\/#website\"},\"datePublished\":\"2024-04-11T06:23:45+00:00\",\"dateModified\":\"2024-04-26T05:01:25+00:00\",\"breadcrumb\":{\"@id\":\"https:\\\/\\\/cnss.cd\\\/?page_id=1642#breadcrumb\"},\"inLanguage\":\"fr-FR\",\"potentialAction\":[{\"@type\":\"ReadAction\",\"target\":[\"https:\\\/\\\/cnss.cd\\\/?page_id=1642\"]}]},{\"@type\":\"BreadcrumbList\",\"@id\":\"https:\\\/\\\/cnss.cd\\\/?page_id=1642#breadcrumb\",\"itemListElement\":[{\"@type\":\"ListItem\",\"position\":1,\"name\":\"Accueil\",\"item\":\"https:\\\/\\\/cnss.cd\\\/\"},{\"@type\":\"ListItem\",\"position\":2,\"name\":\"Organisations partenaires\"}]},{\"@type\":\"WebSite\",\"@id\":\"https:\\\/\\\/cnss.cd\\\/#website\",\"url\":\"https:\\\/\\\/cnss.cd\\\/\",\"name\":\"Caisse Nationale de S\u00e9curit\u00e9 Sociale\",\"description\":\"Une s\u00e9curit\u00e9 pour aujourd&#039;hui et demain\",\"publisher\":{\"@id\":\"https:\\\/\\\/cnss.cd\\\/#organization\"},\"potentialAction\":[{\"@type\":\"SearchAction\",\"target\":{\"@type\":\"EntryPoint\",\"urlTemplate\":\"https:\\\/\\\/cnss.cd\\\/?s={search_term_string}\"},\"query-input\":{\"@type\":\"PropertyValueSpecification\",\"valueRequired\":true,\"valueName\":\"search_term_string\"}}],\"inLanguage\":\"fr-FR\"},{\"@type\":\"Organization\",\"@id\":\"https:\\\/\\\/cnss.cd\\\/#organization\",\"name\":\"Caisse Nationale de S\u00e9curit\u00e9 Sociale\",\"url\":\"https:\\\/\\\/cnss.cd\\\/\",\"logo\":{\"@type\":\"ImageObject\",\"inLanguage\":\"fr-FR\",\"@id\":\"https:\\\/\\\/cnss.cd\\\/#\\\/schema\\\/logo\\\/image\\\/\",\"url\":\"https:\\\/\\\/cnss.cd\\\/wp-content\\\/uploads\\\/2025\\\/01\\\/LOGO-CNSSPDF_preview_rev_1.png\",\"contentUrl\":\"https:\\\/\\\/cnss.cd\\\/wp-content\\\/uploads\\\/2025\\\/01\\\/LOGO-CNSSPDF_preview_rev_1.png\",\"width\":634,\"height\":395,\"caption\":\"Caisse Nationale de S\u00e9curit\u00e9 Sociale\"},\"image\":{\"@id\":\"https:\\\/\\\/cnss.cd\\\/#\\\/schema\\\/logo\\\/image\\\/\"}}]}<\/script>\n<!-- \/ Yoast SEO plugin. -->","yoast_head_json":{"title":"Organisations partenaires - Caisse Nationale de S\u00e9curit\u00e9 Sociale","robots":{"index":"index","follow":"follow","max-snippet":"max-snippet:-1","max-image-preview":"max-image-preview:large","max-video-preview":"max-video-preview:-1"},"canonical":"https:\/\/cnss.cd\/?page_id=1642","og_locale":"fr_FR","og_type":"article","og_title":"Organisations partenaires - Caisse Nationale de S\u00e9curit\u00e9 Sociale","og_description":"Organisations partenaires \u00a0 \u00a0 Nom de l\u2019organisation Description Conf\u00e9rence Interafricaine De La Pr\u00e9voyance Sociale (C.I.PRE.S) La CIPRES est un organe d\u2019appui technique aux Caisses africaines de s\u00e9curit\u00e9 sociale. Cr\u00e9\u00e9e en [&hellip;]","og_url":"https:\/\/cnss.cd\/?page_id=1642","og_site_name":"Caisse Nationale de S\u00e9curit\u00e9 Sociale","article_modified_time":"2024-04-26T05:01:25+00:00","twitter_card":"summary_large_image","twitter_misc":{"Dur\u00e9e de lecture estim\u00e9e":"1 minute"},"schema":{"@context":"https:\/\/schema.org","@graph":[{"@type":"WebPage","@id":"https:\/\/cnss.cd\/?page_id=1642","url":"https:\/\/cnss.cd\/?page_id=1642","name":"Organisations partenaires - Caisse Nationale de S\u00e9curit\u00e9 Sociale","isPartOf":{"@id":"https:\/\/cnss.cd\/#website"},"datePublished":"2024-04-11T06:23:45+00:00","dateModified":"2024-04-26T05:01:25+00:00","breadcrumb":{"@id":"https:\/\/cnss.cd\/?page_id=1642#breadcrumb"},"inLanguage":"fr-FR","potentialAction":[{"@type":"ReadAction","target":["https:\/\/cnss.cd\/?page_id=1642"]}]},{"@type":"BreadcrumbList","@id":"https:\/\/cnss.cd\/?page_id=1642#breadcrumb","itemListElement":[{"@type":"ListItem","position":1,"name":"Accueil","item":"https:\/\/cnss.cd\/"},{"@type":"ListItem","position":2,"name":"Organisations partenaires"}]},{"@type":"WebSite","@id":"https:\/\/cnss.cd\/#website","url":"https:\/\/cnss.cd\/","name":"Caisse Nationale de S\u00e9curit\u00e9 Sociale","description":"Une s\u00e9curit\u00e9 pour aujourd&#039;hui et demain","publisher":{"@id":"https:\/\/cnss.cd\/#organization"},"potentialAction":[{"@type":"SearchAction","target":{"@type":"EntryPoint","urlTemplate":"https:\/\/cnss.cd\/?s={search_term_string}"},"query-input":{"@type":"PropertyValueSpecification","valueRequired":true,"valueName":"search_term_string"}}],"inLanguage":"fr-FR"},{"@type":"Organization","@id":"https:\/\/cnss.cd\/#organization","name":"Caisse Nationale de S\u00e9curit\u00e9 Sociale","url":"https:\/\/cnss.cd\/","logo":{"@type":"ImageObject","inLanguage":"fr-FR","@id":"https:\/\/cnss.cd\/#\/schema\/logo\/image\/","url":"https:\/\/cnss.cd\/wp-content\/uploads\/2025\/01\/LOGO-CNSSPDF_preview_rev_1.png","contentUrl":"https:\/\/cnss.cd\/wp-content\/uploads\/2025\/01\/LOGO-CNSSPDF_preview_rev_1.png","width":634,"height":395,"caption":"Caisse Nationale de S\u00e9curit\u00e9 Sociale"},"image":{"@id":"https:\/\/cnss.cd\/#\/schema\/logo\/image\/"}}]}},"jetpack_sharing_enabled":true,"_links":{"self":[{"href":"https:\/\/cnss.cd\/index.php?rest_route=\/wp\/v2\/pages\/1642","targetHints":{"allow":["GET"]}}],"collection":[{"href":"https:\/\/cnss.cd\/index.php?rest_route=\/wp\/v2\/pages"}],"about":[{"href":"https:\/\/cnss.cd\/index.php?rest_route=\/wp\/v2\/types\/page"}],"author":[{"embeddable":true,"href":"https:\/\/cnss.cd\/index.php?rest_route=\/wp\/v2\/users\/4"}],"replies":[{"embeddable":true,"href":"https:\/\/cnss.cd\/index.php?rest_route=%2Fwp%2Fv2%2Fcomments&post=1642"}],"version-history":[{"count":22,"href":"https:\/\/cnss.cd\/index.php?rest_route=\/wp\/v2\/pages\/1642\/revisions"}],"predecessor-version":[{"id":2168,"href":"https:\/\/cnss.cd\/index.php?rest_route=\/wp\/v2\/pages\/1642\/revisions\/2168"}],"wp:attachment":[{"href":"https:\/\/cnss.cd\/index.php?rest_route=%2Fwp%2Fv2%2Fmedia&parent=1642"}],"curies":[{"name":"wp","href":"https:\/\/api.w.org\/{rel}","templated":true}]}}