{"id":1421,"date":"2024-04-01T11:45:45","date_gmt":"2024-04-01T09:45:45","guid":{"rendered":"https:\/\/cnss.cd\/?page_id=1421"},"modified":"2024-05-03T22:38:26","modified_gmt":"2024-05-03T20:38:26","slug":"pensions","status":"publish","type":"page","link":"https:\/\/cnss.cd\/?page_id=1421","title":{"rendered":"Pensions"},"content":{"rendered":"\t\t<div data-elementor-type=\"wp-page\" data-elementor-id=\"1421\" class=\"elementor elementor-1421\" data-elementor-post-type=\"page\">\n\t\t\t\t<div class=\"elementor-element elementor-element-132fab0 e-con-full e-flex qodef-elementor-content-no e-con e-parent\" data-id=\"132fab0\" data-element_type=\"container\" data-e-type=\"container\">\n\t\t\t\t<div class=\"elementor-element elementor-element-d4c8919 elementor-widget elementor-widget-heading\" data-id=\"d4c8919\" data-element_type=\"widget\" data-e-type=\"widget\" data-widget_type=\"heading.default\">\n\t\t\t\t<div class=\"elementor-widget-container\">\n\t\t\t\t\t<h2 class=\"elementor-heading-title elementor-size-default\">Les pensions <\/h2>\t\t\t\t<\/div>\n\t\t\t\t<\/div>\n\t\t\t\t<div class=\"elementor-element elementor-element-a68bce4 elementor-widget-divider--view-line elementor-widget elementor-widget-divider\" data-id=\"a68bce4\" data-element_type=\"widget\" data-e-type=\"widget\" data-widget_type=\"divider.default\">\n\t\t\t\t<div class=\"elementor-widget-container\">\n\t\t\t\t\t\t\t<div class=\"elementor-divider\">\n\t\t\t<span class=\"elementor-divider-separator\">\n\t\t\t\t\t\t<\/span>\n\t\t<\/div>\n\t\t\t\t\t\t<\/div>\n\t\t\t\t<\/div>\n\t\t\t\t<div class=\"elementor-element elementor-element-e4736bc elementor-widget elementor-widget-spacer\" data-id=\"e4736bc\" data-element_type=\"widget\" data-e-type=\"widget\" data-widget_type=\"spacer.default\">\n\t\t\t\t<div class=\"elementor-widget-container\">\n\t\t\t\t\t\t\t<div class=\"elementor-spacer\">\n\t\t\t<div class=\"elementor-spacer-inner\"><\/div>\n\t\t<\/div>\n\t\t\t\t\t\t<\/div>\n\t\t\t\t<\/div>\n\t\t\t\t<div class=\"elementor-element elementor-element-3632422 elementor-widget elementor-widget-spacer\" data-id=\"3632422\" data-element_type=\"widget\" data-e-type=\"widget\" data-widget_type=\"spacer.default\">\n\t\t\t\t<div class=\"elementor-widget-container\">\n\t\t\t\t\t\t\t<div class=\"elementor-spacer\">\n\t\t\t<div class=\"elementor-spacer-inner\"><\/div>\n\t\t<\/div>\n\t\t\t\t\t\t<\/div>\n\t\t\t\t<\/div>\n\t\t\t\t<div class=\"elementor-element elementor-element-3af127d elementor-widget elementor-widget-text-editor\" data-id=\"3af127d\" data-element_type=\"widget\" data-e-type=\"widget\" data-widget_type=\"text-editor.default\">\n\t\t\t\t<div class=\"elementor-widget-container\">\n\t\t\t\t\t\t\t\t\t<p style=\"font-weight: 400;\"><strong>Qu\u2019est ce qu\u2019une pension en s\u00e9curit\u00e9 sociale\u00a0?<\/strong><\/p><p style=\"font-weight: 400;\">Ce sont des prestations en esp\u00e8ces (sommes d\u2019argent) vers\u00e9es p\u00e9riodiquement par la caisse de s\u00e9curit\u00e9 sociale \u00a0aux personnes ayant travaill\u00e9 \u00a0et cotis\u00e9 au titre d\u2019assurance en cas de vieillesse, d\u2019invalidit\u00e9 ou de d\u00e9c\u00e8s.<\/p><p style=\"font-weight: 400;\"><strong>Quels sont les diff\u00e9rents types de pensions servies par la CNSS\u00a0?<\/strong><\/p><ul style=\"font-weight: 400;\"><li>Il en existe trois, \u00e0 savoir\u00a0:<\/li><li>la pension de retraite\u00a0 ou de vieillesse\u00a0;<\/li><li>la pension d\u2019invalidit\u00e9\u00a0; et<\/li><li>la pension de survivants.<\/li><\/ul><h5><strong>1. La Pension de retraite<\/strong>\u00a0<strong>(ou de vieillesse)<\/strong><\/h5><p style=\"font-weight: 400;\"><strong>Qu\u2019est-ce que \u00a0la pension de retraite (ou de vieillesse)\u00a0?<\/strong><\/p><p style=\"font-weight: 400;\">c\u2019est un revenu de remplacement pay\u00e9 p\u00e9riodiquement au travailleur ayant fait valoir ses droits \u00e0 la retraite<\/p><p style=\"font-weight: 400;\"><strong>Quelles sont les conditions \u00e0 remplir pour en b\u00e9n\u00e9ficier\u00a0?<\/strong><\/p><ul style=\"font-weight: 400;\"><li>avoir au moins 60 ans d\u2019\u00e2ge (date d\u2019ouverture de droit uniforme pour l\u2019homme et la femme)\u00a0;<\/li><li>avoir accompli au moins 180 mois (15 ans) d\u2019assurance\u00a0;<\/li><li>avoir cess\u00e9 toute activit\u00e9 salari\u00e9e.<\/li><\/ul><p style=\"font-weight: 400;\"><em>Cependant, 65 ans constitue pour l\u2019assur\u00e9 l\u2019\u00e2ge limite de d\u00e9part d\u2019office \u00e0 la retraite<\/em><\/p><p style=\"font-weight: 400;\"><strong>Quelles sont les formalit\u00e9s \u00e0 accomplir\u00a0?<\/strong><\/p><ul style=\"font-weight: 400;\"><li>\u00e9tablir la demande sur imprim\u00e9 appropri\u00e9 en 4 exemplaires\u00a0;<\/li><li>soumettre ces imprim\u00e9s \u00e0 l\u2019autorit\u00e9 locale comp\u00e9tente pour certification\u00a0;<\/li><li>transmettre deux copies \u00e0 la CNSS ; y joindre\u00a0:<\/li><li>la (les) attestation (s) de fin de service\u00a0;<\/li><li>les preuves de r\u00e9mun\u00e9ration de 60 derniers mois\u00a0;<\/li><li>la copie d\u2019une pi\u00e8ce d\u2019identit\u00e9\u00a0;<\/li><li>la copie de la carte d\u2019immatriculation \u00e0 la s\u00e9curit\u00e9 sociale\u00a0;<\/li><li>l\u2019attestation de la composition familiale\u00a0;<\/li><li>l\u2019attestation de mariage\u00a0;<\/li><\/ul><p style=\"font-weight: 400;\">la copie du jugement de prise en charge des ascendants directs.<\/p><p style=\"font-weight: 400;\"><strong>A quel droit s\u2019attend un assur\u00e9 qui ne justifie pas de 180 mois d\u2019assurance\u00a0?<\/strong><\/p><p style=\"font-weight: 400;\">Il s\u2019attend \u00e0\u00a0:<\/p><ul style=\"font-weight: 400;\"><li><em><strong>A une allocation unique de retraite :<\/strong><\/em><\/li><\/ul><p style=\"font-weight: 400;\">Elle est accord\u00e9e \u00e0 l\u2019assur\u00e9 qui ne justifie pas d\u2019au moins 180 mois d\u2019assurance.<\/p><ul style=\"font-weight: 400;\"><li><em><strong>Au droit de rachat de la carri\u00e8re manquante :<\/strong><\/em><\/li><\/ul><p style=\"font-weight: 400;\">pour ne pas tomber sous le coup d\u2019une allocation unique de retraite, l\u2019assur\u00e9 \u00e2g\u00e9 d\u2019au moins 60 ans mais ne remplissant pas la condition de la dur\u00e9e d\u2019assurance, dispose d\u2019un droit de rachat des cotisations manquantes portant au maximum sur 5 ann\u00e9es, en prenant pour r\u00e9f\u00e9rence la derni\u00e8re r\u00e9mun\u00e9ration mensuelle de l\u2019int\u00e9ress\u00e9 \u00e0 la date de sa demande.<\/p><p style=\"font-weight: 400;\"><strong>Existe-t-il d\u2019autres possibilit\u00e9s de b\u00e9n\u00e9ficier d\u2019une pension de retraite avant d\u2019atteindre 60 ans\u00a0?<\/strong><\/p><p style=\"font-weight: 400;\">Il en existe deux\u00a0:<\/p><ul style=\"font-weight: 400;\"><li><em><strong>La pension anticip\u00e9e volontaire\u00a0:<\/strong><\/em><\/li><\/ul><p style=\"font-weight: 400;\">elle est accord\u00e9e \u00e0 sa demande \u00e0 un assur\u00e9 \u00e2g\u00e9 d\u2019au moins 55 ans en cessation d\u2019activit\u00e9 et justifiant de 180 mois d\u2019assurance. Dans ce cas, son montant de pension sera rabattu de 5% par ann\u00e9e d\u2019anticipation.<\/p><ul style=\"font-weight: 400;\"><li><em><strong>La pension anticip\u00e9e de suite d\u2019usure\u00a0:<\/strong><\/em><\/li><\/ul><p style=\"font-weight: 400;\">elle est accord\u00e9e \u00e0 un assur\u00e9 \u00e2g\u00e9 d\u2019au moins 55 ans en cessation d\u2019activit\u00e9 et justifiant de 180 mois d\u2019assurance mais qui est atteint d\u2019une usure pr\u00e9matur\u00e9e de ses facult\u00e9s physiques ou mentales le rendant inapte \u00e0 exercer une activit\u00e9 salari\u00e9e,\u00a0 d\u00fbment constat\u00e9e par un m\u00e9decin agr\u00e9e\u00a0 par la CNSS,\u00a0<strong>\u00e0 sa demande ou \u00e0 celle de son employeur<\/strong>. Dans ce cas, le montant de la pension est calcul\u00e9 suivant les m\u00eames r\u00e8gles que celui de la pension de vieillesse.<\/p><h5><strong>2. la pension d\u2019invalidit\u00e9<\/strong><\/h5><p style=\"font-weight: 400;\"><strong>Qu\u2019est-ce que la pension d\u2019invalidit\u00e9\u00a0?<\/strong><\/p><ul style=\"font-weight: 400;\"><li>C\u2019est une allocation vers\u00e9e \u00e0 un assur\u00e9 qui par suite de maladie ou d\u2019accident d\u2019origine non professionnelle, a subi une diminution permanente de ses capacit\u00e9s physiques ou mentales constat\u00e9e par un m\u00e9decin agr\u00e9e par la caisse le rendant inapte \u00e0 gagner un tiers de la r\u00e9mun\u00e9ration qu\u2019un travailleur ayant la m\u00eame formation peut se procurer par son travail.<\/li><\/ul><p style=\"font-weight: 400;\"><em>La pension d\u2019invalidit\u00e9 est conc\u00e9d\u00e9e \u00e0 titre temporaire<\/em><\/p><p style=\"font-weight: 400;\"><strong>Quelles sont les conditions \u00e0 remplir pour en b\u00e9n\u00e9ficier\u00a0?<\/strong><\/p><ul style=\"font-weight: 400;\"><li>N\u2019avoir pas atteint l\u2019\u00e2ge d\u2019admission \u00e0 la pension vieillesse\u00a0;<\/li><li>Avoir occup\u00e9 un emploi assujetti \u00e0 l\u2019assurance et \u00eatre immatricul\u00e9 \u00e0 la CNSS\u00a0;<\/li><li>Justifier au moins de 36 mois d\u2019assurance (3 ans) au cours de 20 derniers trimestres civils (5 ans) pr\u00e9c\u00e9dant imm\u00e9diatement celui au cours duquel il est devenu invalide\u00a0;<\/li><li>Justifier d\u2019un emploi assujetti \u00e0 l\u2019assurance et \u00eatre immatricul\u00e9 \u00e0 la CNSS \u00e0 la date de l\u2019accident.<\/li><\/ul><p style=\"font-weight: 400;\"><strong>Quelles sont les formalit\u00e9s \u00e0 accomplir\u00a0?<\/strong><\/p><ul style=\"font-weight: 400;\"><li>\u00e9tablir la demande en quatre exemplaires\u00a0;<\/li><li>introduire deux exemplaires \u00e0 la CNSS accompagn\u00e9s des pi\u00e8ces justificatives ; y joindre\u00a0:<\/li><li>un certificat m\u00e9dical \u00e9tabli par le m\u00e9decin\u00a0;<\/li><li>la preuve de l\u2019accomplissement des services d\u00e9clar\u00e9s\u00a0;<\/li><li>les preuves des r\u00e9mun\u00e9rations des 60 derniers mois d\u2019assurance ;<\/li><li>la copie d\u2019une pi\u00e8ce d\u2019identit\u00e9.<\/li><\/ul><h5><strong>3. la Pension de survivants<\/strong><\/h5><p style=\"font-weight: 400;\"><strong>Qu\u2019est ce que la pension de survivants\u00a0?<\/strong><\/p><p style=\"font-weight: 400;\">Ce sont des prestations pay\u00e9es par la Caisse en faveur des survivants (ayants-droit) en cas de d\u00e9c\u00e8s d\u2019un titulaire d\u2019une pension (retraite ou invalidit\u00e9) ou d\u2019un assur\u00e9 qui avait rempli les conditions\u00a0 sans en faire la demande.<\/p><p style=\"font-weight: 400;\"><strong>Qui sont consid\u00e9r\u00e9s comme survivants (ou ayant droit)\u00a0?<\/strong><\/p><ul style=\"font-weight: 400;\"><li>le conjoint en vie (veuf ou veuve)\u00a0;<\/li><li>les enfants tels que d\u00e9fini par le code de la famille\u00a0;<\/li><li>les ascendants directs (parents biologiques) entretenus par l\u2019assur\u00e9 d\u00e9c\u00e9d\u00e9 \u00e0 d\u00e9faut des survivants susvis\u00e9s.<\/li><\/ul><p style=\"font-weight: 400;\"><strong>Quelles sont les conditions \u00e0 remplir pour en b\u00e9n\u00e9ficier\u00a0?<\/strong><\/p><ul style=\"font-weight: 400;\"><li>inscription du mariage \u00e0 l\u2019\u00e9tat civil 6 mois avant le d\u00e9c\u00e8s de l\u2019assur\u00e9 (pour le conjoint en vie)\u00a0;<\/li><li>enfants tels que d\u00e9fini par le code de la famille\u00a0;<\/li><li>ascendants autre fois entretenu par l\u2019assur\u00e9 d\u00e9c\u00e9d\u00e9 en cas d\u2019absence de conjoint et d\u2019orphelins.<\/li><\/ul><p style=\"font-weight: 400;\"><strong>Quelles sont les formalit\u00e9s \u00e0 accomplir\u00a0?<\/strong><\/p><ul style=\"font-weight: 400;\"><li>\u00e9tablir la demande sur imprim\u00e9 appropri\u00e9 en 4 exemplaires\u00a0;<\/li><li>soumettre ces imprim\u00e9s \u00e0 l\u2019autorit\u00e9 locale comp\u00e9tente pour certification\u00a0;<\/li><li>transmettre deux copies \u00e0 la CNSS ; y joindre\u00a0:<\/li><li>la copie d\u2019une pi\u00e8ce d\u2019identit\u00e9\u00a0;<\/li><li>l\u2019attestation de la composition familiale\u00a0;<\/li><li>l\u2019attestation de mariage\u00a0;<\/li><li>la copie du jugement de prise en charge des ascendants directs\u00a0;<\/li><li>la copie de l\u2019acte de d\u00e9c\u00e8s.<\/li><\/ul><p style=\"font-weight: 400;\"><strong>A quelles conditions accorde-t-on une allocation unique de survivants\u00a0?<\/strong><\/p><p style=\"font-weight: 400;\">une allocation unique est accord\u00e9e aux survivants (ayants-droit) de l\u2019assur\u00e9 qui, \u00e0 la date de son d\u00e9c\u00e8s justifiait entre 12 et moins de 180 mois d\u2019assurance. Cette allocation \u00e9quivaut au montant mensuel de la pension de vieillesse \u00e0 laquelle l\u2019assur\u00e9 aurait eu droit multipli\u00e9 par le nombre de mois probables entre le douzi\u00e8me et le mois en de\u00e7\u00e0 de 180 mois d\u2019assurance r\u00e9glementaire.<\/p><p style=\"font-weight: 400;\"><strong>Quelle est la date de prise d\u2019effet de ces diff\u00e9rentes pensions ?<\/strong><\/p><ul style=\"font-weight: 400;\"><li>la date de prise d\u2019effet de la pension de retraite, d\u2019invalidit\u00e9 et de survivants est fonction de la date de d\u00e9p\u00f4t du dossier\u00a0:<\/li><li>lorsque le d\u00e9p\u00f4t du dossier intervient\u00a0<em><strong>dans les six mois<\/strong><\/em>\u00a0suivant la date de d\u00e9part \u00e0 la retraite, la date de prise d\u2019effet des droits est le premier jour du mois suivant la date de d\u00e9part\u00a0;<\/li><li>lorsque le d\u00e9p\u00f4t intervient\u00a0<strong>apr\u00e8s<\/strong>\u00a0<em><strong>les six mois<\/strong><\/em>\u00a0suivant la date de d\u00e9part \u00e0 la retraite, la date de prise d\u2019effet des droits est fix\u00e9e en reculant de six mois \u00e0 partir de la date de d\u00e9p\u00f4t.<\/li><\/ul><p style=\"font-weight: 400;\"><strong>Quand sont-elles pay\u00e9es\u00a0?<\/strong><\/p><p style=\"font-weight: 400;\">\u00e0 l\u2019exception de l\u2019allocation unique, qui, elle est pay\u00e9e en une seule fois\u00a0; les pensions de retraite, d\u2019invalidit\u00e9 et de survivants sont pay\u00e9es trimestriellement \u00e0 terme \u00e9chu<\/p><p style=\"font-weight: 400;\">\u00a0<\/p>\t\t\t\t\t\t\t\t<\/div>\n\t\t\t\t<\/div>\n\t\t\t\t<\/div>\n\t\t\t\t<\/div>\n\t\t","protected":false},"excerpt":{"rendered":"<p>Les pensions Qu\u2019est ce qu\u2019une pension en s\u00e9curit\u00e9 sociale\u00a0? Ce sont des prestations en esp\u00e8ces (sommes d\u2019argent) vers\u00e9es p\u00e9riodiquement par la caisse de s\u00e9curit\u00e9 sociale \u00a0aux personnes ayant travaill\u00e9 \u00a0et [&hellip;]<\/p>\n","protected":false},"author":4,"featured_media":0,"parent":0,"menu_order":0,"comment_status":"closed","ping_status":"closed","template":"elementor_header_footer","meta":{"_kadence_starter_templates_imported_post":false,"jetpack_post_was_ever_published":false,"footnotes":""},"class_list":["post-1421","page","type-page","status-publish","hentry"],"yoast_head":"<!-- This site is optimized with the Yoast SEO plugin v27.4 - https:\/\/yoast.com\/product\/yoast-seo-wordpress\/ -->\n<title>Pensions - Caisse Nationale de S\u00e9curit\u00e9 Sociale<\/title>\n<meta name=\"robots\" content=\"index, follow, max-snippet:-1, max-image-preview:large, max-video-preview:-1\" \/>\n<link rel=\"canonical\" href=\"https:\/\/cnss.cd\/?page_id=1421\" \/>\n<meta property=\"og:locale\" content=\"fr_FR\" \/>\n<meta property=\"og:type\" content=\"article\" \/>\n<meta property=\"og:title\" content=\"Pensions - Caisse Nationale de S\u00e9curit\u00e9 Sociale\" \/>\n<meta property=\"og:description\" content=\"Les pensions Qu\u2019est ce qu\u2019une pension en s\u00e9curit\u00e9 sociale\u00a0? Ce sont des prestations en esp\u00e8ces (sommes d\u2019argent) vers\u00e9es p\u00e9riodiquement par la caisse de s\u00e9curit\u00e9 sociale \u00a0aux personnes ayant travaill\u00e9 \u00a0et [&hellip;]\" \/>\n<meta property=\"og:url\" content=\"https:\/\/cnss.cd\/?page_id=1421\" \/>\n<meta property=\"og:site_name\" content=\"Caisse Nationale de S\u00e9curit\u00e9 Sociale\" \/>\n<meta property=\"article:modified_time\" content=\"2024-05-03T20:38:26+00:00\" \/>\n<meta name=\"twitter:card\" content=\"summary_large_image\" \/>\n<meta name=\"twitter:label1\" content=\"Dur\u00e9e de lecture estim\u00e9e\" \/>\n\t<meta name=\"twitter:data1\" content=\"6 minutes\" \/>\n<script type=\"application\/ld+json\" class=\"yoast-schema-graph\">{\"@context\":\"https:\\\/\\\/schema.org\",\"@graph\":[{\"@type\":\"WebPage\",\"@id\":\"https:\\\/\\\/cnss.cd\\\/?page_id=1421\",\"url\":\"https:\\\/\\\/cnss.cd\\\/?page_id=1421\",\"name\":\"Pensions - Caisse Nationale de S\u00e9curit\u00e9 Sociale\",\"isPartOf\":{\"@id\":\"https:\\\/\\\/cnss.cd\\\/#website\"},\"datePublished\":\"2024-04-01T09:45:45+00:00\",\"dateModified\":\"2024-05-03T20:38:26+00:00\",\"breadcrumb\":{\"@id\":\"https:\\\/\\\/cnss.cd\\\/?page_id=1421#breadcrumb\"},\"inLanguage\":\"fr-FR\",\"potentialAction\":[{\"@type\":\"ReadAction\",\"target\":[\"https:\\\/\\\/cnss.cd\\\/?page_id=1421\"]}]},{\"@type\":\"BreadcrumbList\",\"@id\":\"https:\\\/\\\/cnss.cd\\\/?page_id=1421#breadcrumb\",\"itemListElement\":[{\"@type\":\"ListItem\",\"position\":1,\"name\":\"Accueil\",\"item\":\"https:\\\/\\\/cnss.cd\\\/\"},{\"@type\":\"ListItem\",\"position\":2,\"name\":\"Pensions\"}]},{\"@type\":\"WebSite\",\"@id\":\"https:\\\/\\\/cnss.cd\\\/#website\",\"url\":\"https:\\\/\\\/cnss.cd\\\/\",\"name\":\"Caisse Nationale de S\u00e9curit\u00e9 Sociale\",\"description\":\"Une s\u00e9curit\u00e9 pour aujourd&#039;hui et demain\",\"publisher\":{\"@id\":\"https:\\\/\\\/cnss.cd\\\/#organization\"},\"potentialAction\":[{\"@type\":\"SearchAction\",\"target\":{\"@type\":\"EntryPoint\",\"urlTemplate\":\"https:\\\/\\\/cnss.cd\\\/?s={search_term_string}\"},\"query-input\":{\"@type\":\"PropertyValueSpecification\",\"valueRequired\":true,\"valueName\":\"search_term_string\"}}],\"inLanguage\":\"fr-FR\"},{\"@type\":\"Organization\",\"@id\":\"https:\\\/\\\/cnss.cd\\\/#organization\",\"name\":\"Caisse Nationale de S\u00e9curit\u00e9 Sociale\",\"url\":\"https:\\\/\\\/cnss.cd\\\/\",\"logo\":{\"@type\":\"ImageObject\",\"inLanguage\":\"fr-FR\",\"@id\":\"https:\\\/\\\/cnss.cd\\\/#\\\/schema\\\/logo\\\/image\\\/\",\"url\":\"https:\\\/\\\/cnss.cd\\\/wp-content\\\/uploads\\\/2025\\\/01\\\/LOGO-CNSSPDF_preview_rev_1.png\",\"contentUrl\":\"https:\\\/\\\/cnss.cd\\\/wp-content\\\/uploads\\\/2025\\\/01\\\/LOGO-CNSSPDF_preview_rev_1.png\",\"width\":634,\"height\":395,\"caption\":\"Caisse Nationale de S\u00e9curit\u00e9 Sociale\"},\"image\":{\"@id\":\"https:\\\/\\\/cnss.cd\\\/#\\\/schema\\\/logo\\\/image\\\/\"}}]}<\/script>\n<!-- \/ Yoast SEO plugin. -->","yoast_head_json":{"title":"Pensions - Caisse Nationale de S\u00e9curit\u00e9 Sociale","robots":{"index":"index","follow":"follow","max-snippet":"max-snippet:-1","max-image-preview":"max-image-preview:large","max-video-preview":"max-video-preview:-1"},"canonical":"https:\/\/cnss.cd\/?page_id=1421","og_locale":"fr_FR","og_type":"article","og_title":"Pensions - Caisse Nationale de S\u00e9curit\u00e9 Sociale","og_description":"Les pensions Qu\u2019est ce qu\u2019une pension en s\u00e9curit\u00e9 sociale\u00a0? Ce sont des prestations en esp\u00e8ces (sommes d\u2019argent) vers\u00e9es p\u00e9riodiquement par la caisse de s\u00e9curit\u00e9 sociale \u00a0aux personnes ayant travaill\u00e9 \u00a0et [&hellip;]","og_url":"https:\/\/cnss.cd\/?page_id=1421","og_site_name":"Caisse Nationale de S\u00e9curit\u00e9 Sociale","article_modified_time":"2024-05-03T20:38:26+00:00","twitter_card":"summary_large_image","twitter_misc":{"Dur\u00e9e de lecture estim\u00e9e":"6 minutes"},"schema":{"@context":"https:\/\/schema.org","@graph":[{"@type":"WebPage","@id":"https:\/\/cnss.cd\/?page_id=1421","url":"https:\/\/cnss.cd\/?page_id=1421","name":"Pensions - Caisse Nationale de S\u00e9curit\u00e9 Sociale","isPartOf":{"@id":"https:\/\/cnss.cd\/#website"},"datePublished":"2024-04-01T09:45:45+00:00","dateModified":"2024-05-03T20:38:26+00:00","breadcrumb":{"@id":"https:\/\/cnss.cd\/?page_id=1421#breadcrumb"},"inLanguage":"fr-FR","potentialAction":[{"@type":"ReadAction","target":["https:\/\/cnss.cd\/?page_id=1421"]}]},{"@type":"BreadcrumbList","@id":"https:\/\/cnss.cd\/?page_id=1421#breadcrumb","itemListElement":[{"@type":"ListItem","position":1,"name":"Accueil","item":"https:\/\/cnss.cd\/"},{"@type":"ListItem","position":2,"name":"Pensions"}]},{"@type":"WebSite","@id":"https:\/\/cnss.cd\/#website","url":"https:\/\/cnss.cd\/","name":"Caisse Nationale de S\u00e9curit\u00e9 Sociale","description":"Une s\u00e9curit\u00e9 pour aujourd&#039;hui et demain","publisher":{"@id":"https:\/\/cnss.cd\/#organization"},"potentialAction":[{"@type":"SearchAction","target":{"@type":"EntryPoint","urlTemplate":"https:\/\/cnss.cd\/?s={search_term_string}"},"query-input":{"@type":"PropertyValueSpecification","valueRequired":true,"valueName":"search_term_string"}}],"inLanguage":"fr-FR"},{"@type":"Organization","@id":"https:\/\/cnss.cd\/#organization","name":"Caisse Nationale de S\u00e9curit\u00e9 Sociale","url":"https:\/\/cnss.cd\/","logo":{"@type":"ImageObject","inLanguage":"fr-FR","@id":"https:\/\/cnss.cd\/#\/schema\/logo\/image\/","url":"https:\/\/cnss.cd\/wp-content\/uploads\/2025\/01\/LOGO-CNSSPDF_preview_rev_1.png","contentUrl":"https:\/\/cnss.cd\/wp-content\/uploads\/2025\/01\/LOGO-CNSSPDF_preview_rev_1.png","width":634,"height":395,"caption":"Caisse Nationale de S\u00e9curit\u00e9 Sociale"},"image":{"@id":"https:\/\/cnss.cd\/#\/schema\/logo\/image\/"}}]}},"jetpack_sharing_enabled":true,"_links":{"self":[{"href":"https:\/\/cnss.cd\/index.php?rest_route=\/wp\/v2\/pages\/1421","targetHints":{"allow":["GET"]}}],"collection":[{"href":"https:\/\/cnss.cd\/index.php?rest_route=\/wp\/v2\/pages"}],"about":[{"href":"https:\/\/cnss.cd\/index.php?rest_route=\/wp\/v2\/types\/page"}],"author":[{"embeddable":true,"href":"https:\/\/cnss.cd\/index.php?rest_route=\/wp\/v2\/users\/4"}],"replies":[{"embeddable":true,"href":"https:\/\/cnss.cd\/index.php?rest_route=%2Fwp%2Fv2%2Fcomments&post=1421"}],"version-history":[{"count":14,"href":"https:\/\/cnss.cd\/index.php?rest_route=\/wp\/v2\/pages\/1421\/revisions"}],"predecessor-version":[{"id":2395,"href":"https:\/\/cnss.cd\/index.php?rest_route=\/wp\/v2\/pages\/1421\/revisions\/2395"}],"wp:attachment":[{"href":"https:\/\/cnss.cd\/index.php?rest_route=%2Fwp%2Fv2%2Fmedia&parent=1421"}],"curies":[{"name":"wp","href":"https:\/\/api.w.org\/{rel}","templated":true}]}}